{"id":27710,"date":"2025-04-04T15:16:57","date_gmt":"2025-04-04T12:16:57","guid":{"rendered":"https:\/\/gifajans.info\/zelGlobal\/?page_id=27710"},"modified":"2026-05-08T14:32:04","modified_gmt":"2026-05-08T11:32:04","slug":"yatirimci-iliskileri","status":"publish","type":"page","link":"https:\/\/zelglobal.com\/en\/yatirimci-iliskileri\/","title":{"rendered":"Investor Relations"},"content":{"rendered":"<div data-elementor-type=\"wp-page\" data-elementor-id=\"27710\" class=\"elementor elementor-27710\" data-elementor-post-type=\"page\">\n\t\t\t\t<div class=\"wd-negative-gap elementor-element elementor-element-c17e7f8 e-flex e-con-boxed e-con e-parent\" data-id=\"c17e7f8\" data-element_type=\"container\" data-e-type=\"container\">\n\t\t\t\t\t<div class=\"e-con-inner\">\n\t\t\t\t<div class=\"elementor-element elementor-element-c22b28f elementor-widget elementor-widget-html\" data-id=\"c22b28f\" data-element_type=\"widget\" data-e-type=\"widget\" data-widget_type=\"html.default\">\n\t\t\t\t<div class=\"elementor-widget-container\">\n\t\t\t\t\t<link rel=\"preconnect\" href=\"https:\/\/fonts.googleapis.com\">\n<link rel=\"preconnect\" href=\"https:\/\/fonts.gstatic.com\" crossorigin>\n<link href=\"https:\/\/fonts.googleapis.com\/css2?family=Urbanist:wght@400;500;600;700&display=swap\" rel=\"stylesheet\">\n<style>\n    .zel-investor-grid {display:none !important;}\n    \n<\/style>\n\n<div class=\"zel-investor-docs\">\n  <div class=\"zel-investor-head\">\n\n    <p>Yat\u0131r\u0131mc\u0131 ili\u015fkilerine ili\u015fkin dok\u00fcmanlara yak\u0131nda buradan ula\u015fabileceksiniz.<\/p>\n  <\/div>\n\n  <div class=\"zel-investor-grid\">\n    \n    <div class=\"zel-doc-card\">\n      <div class=\"zel-doc-top\">\n        <div class=\"zel-doc-icon\">PDF<\/div>\n        <div class=\"zel-doc-meta\">Dok\u00fcman<\/div>\n      <\/div>\n\n      <h3>Taslak \u0130zahname<\/h3>\n      <p>\u0130lgili taslak izahname dok\u00fcman\u0131n\u0131 g\u00f6r\u00fcnt\u00fcleyebilir veya indirebilirsiniz.<\/p>\n\n      <div class=\"zel-doc-actions\">\n        <a href=\"https:\/\/zelglobal.com\/wp-content\/uploads\/2025\/04\/CNG-Cengiz-Taslak-izahname.pdf\" target=\"_blank\" rel=\"noopener\" class=\"zel-btn zel-btn-primary\">\n          G\u00f6r\u00fcnt\u00fcle\n        <\/a>\n        <a href=\"https:\/\/zelglobal.com\/wp-content\/uploads\/2025\/04\/CNG-Cengiz-Taslak-izahname.pdf\" target=\"_blank\" rel=\"noopener\" download class=\"zel-btn zel-btn-secondary\">\n          \u0130ndir\n        <\/a>\n      <\/div>\n    <\/div>\n\n    <div class=\"zel-doc-card\">\n      <div class=\"zel-doc-top\">\n        <div class=\"zel-doc-icon\">PDF<\/div>\n        <div class=\"zel-doc-meta\">Dok\u00fcman<\/div>\n      <\/div>\n\n      <h3>Fonun Kullan\u0131m\u0131na \u0130li\u015fkin Y\u00f6netim Kurulu Karar\u0131<\/h3>\n      <p>Fon kullan\u0131m\u0131na ili\u015fkin y\u00f6netim kurulu karar\u0131na buradan eri\u015febilirsiniz.<\/p>\n\n      <div class=\"zel-doc-actions\">\n        <a href=\"https:\/\/zelglobal.com\/wp-content\/uploads\/2025\/04\/fonun-kullanimina-iliskin-yonetim-kurulu.pdf\" target=\"_blank\" rel=\"noopener\" class=\"zel-btn zel-btn-primary\">\n          G\u00f6r\u00fcnt\u00fcle\n        <\/a>\n        <a href=\"https:\/\/zelglobal.com\/wp-content\/uploads\/2025\/04\/fonun-kullanimina-iliskin-yonetim-kurulu.pdf\" target=\"_blank\" rel=\"noopener\" download class=\"zel-btn zel-btn-secondary\">\n          \u0130ndir\n        <\/a>\n      <\/div>\n    <\/div>\n\n  <\/div>\n<\/div>\n\n<style>\n  .zel-investor-docs{\n    max-width: 1400px;\n    margin: 0 auto;\n    padding: 40px 20px 60px;\n    font-family: 'Urbanist', sans-serif;\n  }\n\n  .zel-investor-head{\n    text-align: center;\n    margin-bottom: 34px;\n  }\n\n  .zel-investor-head h2{\n    margin: 0 0 10px;\n    font-size: 38px;\n    line-height: 1.15;\n    font-weight: 700;\n    color: #222;\n  }\n\n  .zel-investor-head p{\n    margin: 0;\n    font-size: 18px;\n    line-height: 1.6;\n    color: #6d6d6d;\n  }\n\n  .zel-investor-grid{\n    display: grid;\n    grid-template-columns: repeat(2, minmax(0,1fr));\n    gap: 24px;\n  }\n\n  .zel-doc-card{\n    background: #fff;\n    border: 1px solid #e9e9e9;\n    border-radius: 22px;\n    padding: 28px;\n    box-shadow: 0 8px 24px rgba(0,0,0,0.03);\n    transition: all .25s ease;\n  }\n\n  .zel-doc-card:hover{\n    transform: translateY(-2px);\n    box-shadow: 0 14px 32px rgba(0,0,0,0.06);\n    border-color: #dfe8cf;\n  }\n\n  .zel-doc-top{\n    display: flex;\n    align-items: center;\n    justify-content: space-between;\n    gap: 14px;\n    margin-bottom: 20px;\n  }\n\n  .zel-doc-icon{\n    min-width: 64px;\n    height: 40px;\n    padding: 0 14px;\n    border-radius: 999px;\n    background: #96bf2d;\n    color: #fff;\n    display: inline-flex;\n    align-items: center;\n    justify-content: center;\n    font-size: 14px;\n    font-weight: 700;\n    letter-spacing: 0.04em;\n  }\n\n  .zel-doc-meta{\n    font-size: 14px;\n    color: #8c8c8c;\n    font-weight: 600;\n    text-transform: uppercase;\n    letter-spacing: 0.05em;\n  }\n\n  .zel-doc-card h3{\n    margin: 0 0 12px;\n    font-size: 28px;\n    line-height: 1.25;\n    font-weight: 700;\n    color: #222;\n  }\n\n  .zel-doc-card p{\n    margin: 0 0 22px;\n    font-size: 17px;\n    line-height: 1.7;\n    color: #666;\n  }\n\n  .zel-doc-actions{\n    display: flex;\n    gap: 12px;\n    flex-wrap: wrap;\n  }\n\n  .zel-btn{\n    min-height: 50px;\n    padding: 12px 22px;\n    border-radius: 999px;\n    text-decoration: none !important;\n    font-size: 16px;\n    font-weight: 700;\n    display: inline-flex;\n    align-items: center;\n    justify-content: center;\n    transition: all .25s ease;\n  }\n\n  .zel-btn-primary{\n    background: #96bf2d;\n    color: #fff !important;\n  }\n\n  .zel-btn-primary:hover{\n    background: #86ad25;\n  }\n\n  .zel-btn-secondary{\n    background: #f3f4ef;\n    color: #333 !important;\n    border: 1px solid #e2e5d8;\n  }\n\n  .zel-btn-secondary:hover{\n    background: #ebeee3;\n  }\n\n  @media (max-width: 991px){\n    .zel-investor-grid{\n      grid-template-columns: 1fr;\n    }\n\n    .zel-investor-head h2{\n      font-size: 32px;\n    }\n  }\n\n  @media (max-width: 767px){\n    .zel-investor-docs{\n      padding: 28px 14px 40px;\n    }\n\n    .zel-doc-card{\n      padding: 22px 18px;\n      border-radius: 18px;\n    }\n\n    .zel-investor-head{\n      margin-bottom: 24px;\n    }\n\n    .zel-investor-head h2{\n      font-size: 28px;\n    }\n\n    .zel-investor-head p{\n      font-size: 16px;\n    }\n\n    .zel-doc-card h3{\n      font-size: 23px;\n    }\n\n    .zel-doc-card p{\n      font-size: 15px;\n    }\n\n    .zel-doc-actions{\n      flex-direction: column;\n    }\n\n    .zel-btn{\n      width: 100%;\n    }\n  }\n<\/style>\t\t\t\t<\/div>\n\t\t\t\t<\/div>\n\t\t\t\t\t<\/div>\n\t\t\t\t<\/div>\n\t\t\t\t<\/div>","protected":false},"excerpt":{"rendered":"<p>Yat\u0131r\u0131mc\u0131 ili\u015fkilerine ili\u015fkin dok\u00fcmanlara yak\u0131nda buradan ula\u015fabileceksiniz. PDF Dok\u00fcman Taslak \u0130zahname \u0130lgili taslak izahname dok\u00fcman\u0131n\u0131 g\u00f6r\u00fcnt\u00fcleyebilir veya indirebilirsiniz. G\u00f6r\u00fcnt\u00fcle \u0130ndir<\/p>","protected":false},"author":1,"featured_media":0,"parent":0,"menu_order":0,"comment_status":"closed","ping_status":"closed","template":"elementor_header_footer","meta":{"footnotes":""},"class_list":["post-27710","page","type-page","status-publish","hentry"],"_links":{"self":[{"href":"https:\/\/zelglobal.com\/en\/wp-json\/wp\/v2\/pages\/27710","targetHints":{"allow":["GET"]}}],"collection":[{"href":"https:\/\/zelglobal.com\/en\/wp-json\/wp\/v2\/pages"}],"about":[{"href":"https:\/\/zelglobal.com\/en\/wp-json\/wp\/v2\/types\/page"}],"author":[{"embeddable":true,"href":"https:\/\/zelglobal.com\/en\/wp-json\/wp\/v2\/users\/1"}],"replies":[{"embeddable":true,"href":"https:\/\/zelglobal.com\/en\/wp-json\/wp\/v2\/comments?post=27710"}],"version-history":[{"count":31,"href":"https:\/\/zelglobal.com\/en\/wp-json\/wp\/v2\/pages\/27710\/revisions"}],"predecessor-version":[{"id":31035,"href":"https:\/\/zelglobal.com\/en\/wp-json\/wp\/v2\/pages\/27710\/revisions\/31035"}],"wp:attachment":[{"href":"https:\/\/zelglobal.com\/en\/wp-json\/wp\/v2\/media?parent=27710"}],"curies":[{"name":"wp","href":"https:\/\/api.w.org\/{rel}","templated":true}]}}