{"id":27755,"date":"2025-04-07T17:09:24","date_gmt":"2025-04-07T14:09:24","guid":{"rendered":"https:\/\/gifajans.info\/zelGlobal\/?page_id=27755"},"modified":"2025-08-05T14:31:07","modified_gmt":"2025-08-05T11:31:07","slug":"kalite-politikamiz","status":"publish","type":"page","link":"https:\/\/zelglobal.com\/en\/kalite-politikamiz\/","title":{"rendered":"Our Quality Policy"},"content":{"rendered":"<div data-elementor-type=\"wp-page\" data-elementor-id=\"27755\" class=\"elementor elementor-27755\" data-elementor-post-type=\"page\">\n\t\t\t\t\t\t<section class=\"wd-negative-gap elementor-section elementor-top-section elementor-element elementor-element-61ecd765 elementor-section-boxed elementor-section-height-default elementor-section-height-default\" data-id=\"61ecd765\" data-element_type=\"section\" data-e-type=\"section\">\n\t\t\t\t\t\t<div class=\"elementor-container elementor-column-gap-default\">\n\t\t\t\t\t<div class=\"elementor-column elementor-col-100 elementor-top-column elementor-element elementor-element-bf735af\" data-id=\"bf735af\" data-element_type=\"column\" data-e-type=\"column\">\n\t\t\t<div class=\"elementor-widget-wrap elementor-element-populated\">\n\t\t\t\t\t\t<section class=\"elementor-section elementor-inner-section elementor-element elementor-element-2908e3a1 elementor-section-boxed elementor-section-height-default elementor-section-height-default\" data-id=\"2908e3a1\" data-element_type=\"section\" data-e-type=\"section\">\n\t\t\t\t\t\t<div class=\"elementor-container elementor-column-gap-no\">\n\t\t\t\t\t<div class=\"elementor-column elementor-col-100 elementor-inner-column elementor-element elementor-element-32923aa5\" data-id=\"32923aa5\" data-element_type=\"column\" data-e-type=\"column\">\n\t\t\t<div class=\"elementor-widget-wrap elementor-element-populated\">\n\t\t\t\t\t\t<div class=\"elementor-element elementor-element-810af56 elementor-widget elementor-widget-image\" data-id=\"810af56\" data-element_type=\"widget\" data-e-type=\"widget\" data-widget_type=\"image.default\">\n\t\t\t\t<div class=\"elementor-widget-container\">\n\t\t\t\t\t\t\t\t\t\t\t\t\t\t\t<img loading=\"lazy\" decoding=\"async\" width=\"2560\" height=\"1707\" src=\"https:\/\/zelglobal.com\/wp-content\/uploads\/2025\/07\/kalite-politikamiz--scaled.jpg\" class=\"attachment-full size-full wp-image-28108\" alt=\"\" srcset=\"https:\/\/zelglobal.com\/wp-content\/uploads\/2025\/07\/kalite-politikamiz--scaled.jpg 2560w, https:\/\/zelglobal.com\/wp-content\/uploads\/2025\/07\/kalite-politikamiz--scaled-600x400.jpg 600w, https:\/\/zelglobal.com\/wp-content\/uploads\/2025\/07\/kalite-politikamiz--scaled-150x100.jpg 150w, https:\/\/zelglobal.com\/wp-content\/uploads\/2025\/07\/kalite-politikamiz--1200x800.jpg 1200w, https:\/\/zelglobal.com\/wp-content\/uploads\/2025\/07\/kalite-politikamiz--400x267.jpg 400w, https:\/\/zelglobal.com\/wp-content\/uploads\/2025\/07\/kalite-politikamiz--768x512.jpg 768w, https:\/\/zelglobal.com\/wp-content\/uploads\/2025\/07\/kalite-politikamiz--1536x1024.jpg 1536w, https:\/\/zelglobal.com\/wp-content\/uploads\/2025\/07\/kalite-politikamiz--2048x1365.jpg 2048w\" sizes=\"auto, (max-width: 2560px) 100vw, 2560px\" \/>\t\t\t\t\t\t\t\t\t\t\t\t\t\t\t<\/div>\n\t\t\t\t<\/div>\n\t\t\t\t\t<\/div>\n\t\t<\/div>\n\t\t\t\t\t<\/div>\n\t\t<\/section>\n\t\t\t\t\t<\/div>\n\t\t<\/div>\n\t\t\t\t\t<\/div>\n\t\t<\/section>\n\t\t\t\t<section class=\"wd-negative-gap elementor-section elementor-top-section elementor-element elementor-element-3efa657c wd-section-stretch elementor-section-boxed elementor-section-height-default elementor-section-height-default\" data-id=\"3efa657c\" data-element_type=\"section\" data-e-type=\"section\" data-settings=\"{&quot;background_background&quot;:&quot;classic&quot;}\">\n\t\t\t\t\t\t<div class=\"elementor-container elementor-column-gap-default\">\n\t\t\t\t\t<div class=\"elementor-column elementor-col-100 elementor-top-column elementor-element elementor-element-12e91681\" data-id=\"12e91681\" data-element_type=\"column\" data-e-type=\"column\">\n\t\t\t<div class=\"elementor-widget-wrap elementor-element-populated\">\n\t\t\t\t\t\t<div class=\"elementor-element elementor-element-753e79ce wd-width-100 elementor-widget elementor-widget-wd_title\" data-id=\"753e79ce\" data-element_type=\"widget\" data-e-type=\"widget\" data-widget_type=\"wd_title.default\">\n\t\t\t\t<div class=\"elementor-widget-container\">\n\t\t\t\t\t\t\t<div class=\"title-wrapper wd-set-mb reset-last-child wd-title-color-default wd-title-style-default wd-title-size-default text-center\">\n\n\t\t\t\n\t\t\t<div class=\"liner-continer\">\n\t\t\t\t<h4 class=\"woodmart-title-container title wd-fontsize-l\"><\/h4> \n\t\t\t\t\t\t\t<\/div>\n\n\t\t\t\t\t\t\t<div class=\"title-after_title reset-last-child wd-fontsize-xs\">\n\t\t\t\t\t<p>Firmam\u0131z\u0131n temel amac\u0131;\u00a0sa\u011fl\u0131kl\u0131 ve g\u00fcvenilir \u00fcr\u00fcnler sunarak, m\u00fc\u015fteri memnuniyetini en \u00fcst d\u00fczeye \u00e7\u0131karmak ve g\u00fcvenilir bir marka olmakt\u0131r.<\/p><p>Bu amac\u0131 ger\u00e7ekle\u015ftirmek i\u00e7in benimsedi\u011fimiz ilkeler:<\/p><ul><li>\u00dcretimde hijyen ve kaliteyi esas almak,<\/li><\/ul><ul><li>ISO 22000 ve FSSC 22000 G\u0131da G\u00fcvenli\u011fi Y\u00f6netim Sistemleri standartlar\u0131n\u0131n gere\u011fine uymak,<\/li><\/ul><ul><li>Yasal mevzuata uygunluk sa\u011flamak,<\/li><\/ul><ul><li>Kaynaklar\u0131 etkin kullanarak s\u00fcrekli iyile\u015ftirme yapmak,<\/li><\/ul><ul><li>\u00c7evreyi korumak, s\u0131f\u0131r at\u0131k politikas\u0131n\u0131 benimseyerek prosesleri y\u00f6netmek<\/li><\/ul><ul><li>\u00c7al\u0131\u015fanlar\u0131n i\u015f sa\u011fl\u0131\u011f\u0131, g\u00fcvenli\u011fi ve ki\u015fisel geli\u015fimini desteklemek,<\/li><\/ul><ul><li>\u00dcr\u00fcn \u00e7e\u015fitlili\u011fimizi m\u00fc\u015fteri beklentilerine g\u00f6re geli\u015ftirmek,<\/li><\/ul><ul><li>T\u00fcm payda\u015flar\u0131m\u0131zla bir b\u00fct\u00fcn olarak toplam kalite anlay\u0131\u015f\u0131n\u0131 benimsemek,<\/li><\/ul><p>Y\u00f6netim ve t\u00fcm \u00e7al\u0131\u015fanlar olarak g\u0131da g\u00fcvenli\u011fi ortak sorumlulu\u011fumuzdur ve bu anlay\u0131\u015f\u0131 s\u00fcrd\u00fcr\u00fclebilir \u015fekilde geli\u015ftirmeyi \u00f6nemle taahh\u00fct ediyoruz.<\/p>\t\t\t\t<\/div>\n\t\t\t\t\t<\/div>\n\t\t\t\t\t\t<\/div>\n\t\t\t\t<\/div>\n\t\t\t\t\t<\/div>\n\t\t<\/div>\n\t\t\t\t\t<\/div>\n\t\t<\/section>\n\t\t\t\t<\/div>","protected":false},"excerpt":{"rendered":"<p>Firmam\u0131z\u0131n temel amac\u0131;\u00a0sa\u011fl\u0131kl\u0131 ve g\u00fcvenilir \u00fcr\u00fcnler sunarak, m\u00fc\u015fteri memnuniyetini en \u00fcst d\u00fczeye \u00e7\u0131karmak ve g\u00fcvenilir bir marka olmakt\u0131r. Bu amac\u0131<\/p>","protected":false},"author":1,"featured_media":0,"parent":0,"menu_order":0,"comment_status":"closed","ping_status":"closed","template":"elementor_header_footer","meta":{"footnotes":""},"class_list":["post-27755","page","type-page","status-publish","hentry"],"_links":{"self":[{"href":"https:\/\/zelglobal.com\/en\/wp-json\/wp\/v2\/pages\/27755","targetHints":{"allow":["GET"]}}],"collection":[{"href":"https:\/\/zelglobal.com\/en\/wp-json\/wp\/v2\/pages"}],"about":[{"href":"https:\/\/zelglobal.com\/en\/wp-json\/wp\/v2\/types\/page"}],"author":[{"embeddable":true,"href":"https:\/\/zelglobal.com\/en\/wp-json\/wp\/v2\/users\/1"}],"replies":[{"embeddable":true,"href":"https:\/\/zelglobal.com\/en\/wp-json\/wp\/v2\/comments?post=27755"}],"version-history":[{"count":20,"href":"https:\/\/zelglobal.com\/en\/wp-json\/wp\/v2\/pages\/27755\/revisions"}],"predecessor-version":[{"id":29325,"href":"https:\/\/zelglobal.com\/en\/wp-json\/wp\/v2\/pages\/27755\/revisions\/29325"}],"wp:attachment":[{"href":"https:\/\/zelglobal.com\/en\/wp-json\/wp\/v2\/media?parent=27755"}],"curies":[{"name":"wp","href":"https:\/\/api.w.org\/{rel}","templated":true}]}}