{"id":27987,"date":"2025-07-22T02:29:10","date_gmt":"2025-07-21T23:29:10","guid":{"rendered":"https:\/\/gifajans.info\/zelGlobal\/?page_id=27987"},"modified":"2025-09-02T10:56:18","modified_gmt":"2025-09-02T07:56:18","slug":"vizyon-misyon","status":"publish","type":"page","link":"https:\/\/zelglobal.com\/en\/vizyon-misyon\/","title":{"rendered":"Vision &amp; Mission"},"content":{"rendered":"<div data-elementor-type=\"wp-page\" data-elementor-id=\"27987\" class=\"elementor elementor-27987\" data-elementor-post-type=\"page\">\n\t\t\t\t\t\t<section class=\"wd-negative-gap elementor-section elementor-top-section elementor-element elementor-element-1d1df6e wd-section-stretch elementor-section-content-middle elementor-section-boxed elementor-section-height-default elementor-section-height-default\" data-id=\"1d1df6e\" data-element_type=\"section\" data-e-type=\"section\" data-settings=\"{&quot;background_background&quot;:&quot;classic&quot;}\">\n\t\t\t\t\t\t\t<div class=\"elementor-background-overlay\"><\/div>\n\t\t\t\t\t\t\t<div class=\"elementor-container elementor-column-gap-no\">\n\t\t\t\t\t<div class=\"elementor-column elementor-col-50 elementor-top-column elementor-element elementor-element-c4e8e8b\" data-id=\"c4e8e8b\" data-element_type=\"column\" data-e-type=\"column\" data-settings=\"{&quot;background_background&quot;:&quot;classic&quot;}\">\n\t\t\t<div class=\"elementor-widget-wrap elementor-element-populated\">\n\t\t\t\t\t\t<section class=\"wd-negative-gap elementor-section elementor-inner-section elementor-element elementor-element-047011b elementor-section-boxed elementor-section-height-default elementor-section-height-default\" data-id=\"047011b\" data-element_type=\"section\" data-e-type=\"section\" data-settings=\"{&quot;background_background&quot;:&quot;classic&quot;}\">\n\t\t\t\t\t\t<div class=\"elementor-container elementor-column-gap-default\">\n\t\t\t\t\t<div class=\"elementor-column elementor-col-100 elementor-inner-column elementor-element elementor-element-e565384\" data-id=\"e565384\" data-element_type=\"column\" data-e-type=\"column\">\n\t\t\t<div class=\"elementor-widget-wrap elementor-element-populated\">\n\t\t\t\t\t\t<div class=\"elementor-element elementor-element-b52eaca wd-width-100 elementor-widget elementor-widget-wd_title\" data-id=\"b52eaca\" data-element_type=\"widget\" data-e-type=\"widget\" data-widget_type=\"wd_title.default\">\n\t\t\t\t<div class=\"elementor-widget-container\">\n\t\t\t\t\t\t\t<div class=\"title-wrapper wd-set-mb reset-last-child wd-title-color-default wd-title-style-default wd-title-size-default text-left\">\n\n\t\t\t\n\t\t\t<div class=\"liner-continer\">\n\t\t\t\t<h4 class=\"woodmart-title-container title wd-fontsize-l\">Vizyon <\/h4> \n\t\t\t\t\t\t\t<\/div>\n\n\t\t\t\t\t<\/div>\n\t\t\t\t\t\t<\/div>\n\t\t\t\t<\/div>\n\t\t\t\t<div class=\"elementor-element elementor-element-f905c75 elementor-widget elementor-widget-wd_text_block\" data-id=\"f905c75\" data-element_type=\"widget\" data-e-type=\"widget\" data-widget_type=\"wd_text_block.default\">\n\t\t\t\t<div class=\"elementor-widget-container\">\n\t\t\t\t\t\t\t<div class=\"wd-text-block reset-last-child text-left\">\n\t\t\t\n\t\t\t<p>Zaman\u0131n k\u0131ymetini bilen t\u00fcketicilere sa\u011fl\u0131kl\u0131, lezzetli, kaliteli ve g\u00fcvenilir haz\u0131r yemekler sunan ve yenilik\u00e7ili\u011fi \u00f6n planda tutan lider bir marka olmak<\/p>\n\t\t\t\t\t<\/div>\n\t\t\t\t\t\t<\/div>\n\t\t\t\t<\/div>\n\t\t\t\t\t<\/div>\n\t\t<\/div>\n\t\t\t\t\t<\/div>\n\t\t<\/section>\n\t\t\t\t\t<\/div>\n\t\t<\/div>\n\t\t\t\t<div class=\"elementor-column elementor-col-50 elementor-top-column elementor-element elementor-element-d96f4f2\" data-id=\"d96f4f2\" data-element_type=\"column\" data-e-type=\"column\">\n\t\t\t<div class=\"elementor-widget-wrap elementor-element-populated\">\n\t\t\t\t\t\t<div class=\"elementor-element elementor-element-2e20961 elementor-widget elementor-widget-wd_image_or_svg\" data-id=\"2e20961\" data-element_type=\"widget\" data-e-type=\"widget\" data-widget_type=\"wd_image_or_svg.default\">\n\t\t\t\t<div class=\"elementor-widget-container\">\n\t\t\t\t\t\n\t\t<div class=\"wd-image text-center\">\n\t\t\t\t\t\t\t\t<img loading=\"lazy\" decoding=\"async\" width=\"2304\" height=\"1792\" src=\"https:\/\/zelglobal.com\/wp-content\/uploads\/2025\/07\/Vizyon.jpg\" class=\"attachment-full size-full\" alt=\"\" srcset=\"https:\/\/zelglobal.com\/wp-content\/uploads\/2025\/07\/Vizyon.jpg 2304w, https:\/\/zelglobal.com\/wp-content\/uploads\/2025\/07\/Vizyon-600x467.jpg 600w, https:\/\/zelglobal.com\/wp-content\/uploads\/2025\/07\/Vizyon-150x117.jpg 150w, https:\/\/zelglobal.com\/wp-content\/uploads\/2025\/07\/Vizyon-1200x933.jpg 1200w, https:\/\/zelglobal.com\/wp-content\/uploads\/2025\/07\/Vizyon-386x300.jpg 386w, https:\/\/zelglobal.com\/wp-content\/uploads\/2025\/07\/Vizyon-1029x800.jpg 1029w, https:\/\/zelglobal.com\/wp-content\/uploads\/2025\/07\/Vizyon-768x597.jpg 768w, https:\/\/zelglobal.com\/wp-content\/uploads\/2025\/07\/Vizyon-1536x1195.jpg 1536w, https:\/\/zelglobal.com\/wp-content\/uploads\/2025\/07\/Vizyon-2048x1593.jpg 2048w\" sizes=\"auto, (max-width: 2304px) 100vw, 2304px\" \/>\t\t\t\t\t<\/div>\n\n\t\t\t\t\t\t<\/div>\n\t\t\t\t<\/div>\n\t\t\t\t\t<\/div>\n\t\t<\/div>\n\t\t\t\t\t<\/div>\n\t\t<\/section>\n\t\t<div class=\"wd-negative-gap elementor-element elementor-element-26101ef wd-section-stretch e-flex e-con-boxed e-con e-parent\" data-id=\"26101ef\" data-element_type=\"container\" data-e-type=\"container\" data-settings=\"{&quot;background_background&quot;:&quot;classic&quot;}\">\n\t\t\t\t\t<div class=\"e-con-inner\">\n\t\t<div class=\"elementor-element elementor-element-fbc8699 e-con-full e-flex e-con e-child\" data-id=\"fbc8699\" data-element_type=\"container\" data-e-type=\"container\">\n\t\t\t\t<div class=\"elementor-element elementor-element-eb48966 elementor-widget elementor-widget-wd_image_or_svg\" data-id=\"eb48966\" data-element_type=\"widget\" data-e-type=\"widget\" data-widget_type=\"wd_image_or_svg.default\">\n\t\t\t\t<div class=\"elementor-widget-container\">\n\t\t\t\t\t\n\t\t<div class=\"wd-image text-center\">\n\t\t\t\t\t\t\t\t<img loading=\"lazy\" decoding=\"async\" width=\"2560\" height=\"1750\" src=\"https:\/\/zelglobal.com\/wp-content\/uploads\/2025\/07\/misyon-scaled.jpg\" class=\"attachment-full size-full\" alt=\"\" srcset=\"https:\/\/zelglobal.com\/wp-content\/uploads\/2025\/07\/misyon-scaled.jpg 2560w, https:\/\/zelglobal.com\/wp-content\/uploads\/2025\/07\/misyon-scaled-600x410.jpg 600w, https:\/\/zelglobal.com\/wp-content\/uploads\/2025\/07\/misyon-scaled-150x103.jpg 150w, https:\/\/zelglobal.com\/wp-content\/uploads\/2025\/07\/misyon-scaled-1200x820.jpg 1200w, https:\/\/zelglobal.com\/wp-content\/uploads\/2025\/07\/misyon-400x273.jpg 400w, https:\/\/zelglobal.com\/wp-content\/uploads\/2025\/07\/misyon-1170x800.jpg 1170w, https:\/\/zelglobal.com\/wp-content\/uploads\/2025\/07\/misyon-768x525.jpg 768w, https:\/\/zelglobal.com\/wp-content\/uploads\/2025\/07\/misyon-1536x1050.jpg 1536w, https:\/\/zelglobal.com\/wp-content\/uploads\/2025\/07\/misyon-2048x1400.jpg 2048w\" sizes=\"auto, (max-width: 2560px) 100vw, 2560px\" \/>\t\t\t\t\t<\/div>\n\n\t\t\t\t\t\t<\/div>\n\t\t\t\t<\/div>\n\t\t\t\t<\/div>\n\t\t<div class=\"elementor-element elementor-element-0492c22 e-con-full e-flex e-con e-child\" data-id=\"0492c22\" data-element_type=\"container\" data-e-type=\"container\" data-settings=\"{&quot;background_background&quot;:&quot;classic&quot;}\">\n\t\t<div class=\"elementor-element elementor-element-03172bd e-con-full e-flex e-con e-child\" data-id=\"03172bd\" data-element_type=\"container\" data-e-type=\"container\" data-settings=\"{&quot;background_background&quot;:&quot;classic&quot;}\">\n\t\t<div class=\"elementor-element elementor-element-3b8cfe7 e-con-full e-flex e-con e-child\" data-id=\"3b8cfe7\" data-element_type=\"container\" data-e-type=\"container\">\n\t\t\t\t<div class=\"elementor-element elementor-element-6238b2b wd-width-100 elementor-widget elementor-widget-wd_title\" data-id=\"6238b2b\" data-element_type=\"widget\" data-e-type=\"widget\" data-widget_type=\"wd_title.default\">\n\t\t\t\t<div class=\"elementor-widget-container\">\n\t\t\t\t\t\t\t<div class=\"title-wrapper wd-set-mb reset-last-child wd-title-color-default wd-title-style-default wd-title-size-default text-left\">\n\n\t\t\t\n\t\t\t<div class=\"liner-continer\">\n\t\t\t\t<h4 class=\"woodmart-title-container title wd-fontsize-l\">Misyon <\/h4> \n\t\t\t\t\t\t\t<\/div>\n\n\t\t\t\t\t<\/div>\n\t\t\t\t\t\t<\/div>\n\t\t\t\t<\/div>\n\t\t\t\t<div class=\"elementor-element elementor-element-06611ab elementor-widget-mobile__width-initial elementor-widget elementor-widget-wd_text_block\" data-id=\"06611ab\" data-element_type=\"widget\" data-e-type=\"widget\" data-widget_type=\"wd_text_block.default\">\n\t\t\t\t<div class=\"elementor-widget-container\">\n\t\t\t\t\t\t\t<div class=\"wd-text-block reset-last-child text-left\">\n\t\t\t\n\t\t\t<p>G\u00fcn\u00fcm\u00fczde sa\u011fl\u0131kl\u0131 ya\u015fam odakl\u0131 beslenme al\u0131\u015fkanl\u0131klar\u0131n\u0131n artmas\u0131yla birlikte, geleneksel T\u00fcrk mutfa\u011f\u0131n\u0131n de\u011ferleri yeniden \u00f6nem kazanm\u0131\u015f; zeytinya\u011fl\u0131 yemekler bu alanda hem ekonomik hem de lezzetli \u00e7\u00f6z\u00fcmler sunmu\u015ftur. Bu do\u011frultuda ZEL markam\u0131zla ve geleneksel tariflerle haz\u0131rlanm\u0131\u015f, sa\u011fl\u0131kl\u0131 i\u00e7eriklerle zenginle\u015ftirilmi\u015f \u00fcr\u00fcnlerimizi t\u00fcketicilerimize pratik \u00e7\u00f6z\u00fcmlerle sunmaktay\u0131z.<\/p>\n\t\t\t\t\t<\/div>\n\t\t\t\t\t\t<\/div>\n\t\t\t\t<\/div>\n\t\t\t\t<\/div>\n\t\t\t\t<\/div>\n\t\t\t\t<\/div>\n\t\t\t\t\t<\/div>\n\t\t\t\t<\/div>\n\t\t\t\t<\/div>","protected":false},"excerpt":{"rendered":"<p>Vizyon &nbsp; Zaman\u0131n k\u0131ymetini bilen t\u00fcketicilere sa\u011fl\u0131kl\u0131, lezzetli, kaliteli ve g\u00fcvenilir haz\u0131r yemekler sunan ve yenilik\u00e7ili\u011fi \u00f6n planda tutan lider<\/p>","protected":false},"author":1,"featured_media":0,"parent":0,"menu_order":0,"comment_status":"closed","ping_status":"closed","template":"elementor_header_footer","meta":{"footnotes":""},"class_list":["post-27987","page","type-page","status-publish","hentry"],"_links":{"self":[{"href":"https:\/\/zelglobal.com\/en\/wp-json\/wp\/v2\/pages\/27987","targetHints":{"allow":["GET"]}}],"collection":[{"href":"https:\/\/zelglobal.com\/en\/wp-json\/wp\/v2\/pages"}],"about":[{"href":"https:\/\/zelglobal.com\/en\/wp-json\/wp\/v2\/types\/page"}],"author":[{"embeddable":true,"href":"https:\/\/zelglobal.com\/en\/wp-json\/wp\/v2\/users\/1"}],"replies":[{"embeddable":true,"href":"https:\/\/zelglobal.com\/en\/wp-json\/wp\/v2\/comments?post=27987"}],"version-history":[{"count":22,"href":"https:\/\/zelglobal.com\/en\/wp-json\/wp\/v2\/pages\/27987\/revisions"}],"predecessor-version":[{"id":29372,"href":"https:\/\/zelglobal.com\/en\/wp-json\/wp\/v2\/pages\/27987\/revisions\/29372"}],"wp:attachment":[{"href":"https:\/\/zelglobal.com\/en\/wp-json\/wp\/v2\/media?parent=27987"}],"curies":[{"name":"wp","href":"https:\/\/api.w.org\/{rel}","templated":true}]}}