{"id":27990,"date":"2025-07-22T02:29:50","date_gmt":"2025-07-21T23:29:50","guid":{"rendered":"https:\/\/gifajans.info\/zelGlobal\/?page_id=27990"},"modified":"2025-08-12T15:30:22","modified_gmt":"2025-08-12T12:30:22","slug":"surdurulebilirlik-politikasi","status":"publish","type":"page","link":"https:\/\/zelglobal.com\/en\/surdurulebilirlik-politikasi\/","title":{"rendered":"Sustainability Policy"},"content":{"rendered":"<div data-elementor-type=\"wp-page\" data-elementor-id=\"27990\" class=\"elementor elementor-27990\" data-elementor-post-type=\"page\">\n\t\t\t\t\t\t<section class=\"wd-negative-gap elementor-section elementor-top-section elementor-element elementor-element-c6c8beb elementor-section-boxed elementor-section-height-default elementor-section-height-default\" data-id=\"c6c8beb\" data-element_type=\"section\" data-e-type=\"section\">\n\t\t\t\t\t\t<div class=\"elementor-container elementor-column-gap-default\">\n\t\t\t\t\t<div class=\"elementor-column elementor-col-100 elementor-top-column elementor-element elementor-element-26a5f0c\" data-id=\"26a5f0c\" data-element_type=\"column\" data-e-type=\"column\">\n\t\t\t<div class=\"elementor-widget-wrap elementor-element-populated\">\n\t\t\t\t\t\t<section class=\"elementor-section elementor-inner-section elementor-element elementor-element-871516a elementor-section-boxed elementor-section-height-default elementor-section-height-default\" data-id=\"871516a\" data-element_type=\"section\" data-e-type=\"section\">\n\t\t\t\t\t\t<div class=\"elementor-container elementor-column-gap-no\">\n\t\t\t\t\t<div class=\"elementor-column elementor-col-100 elementor-inner-column elementor-element elementor-element-63601b9\" data-id=\"63601b9\" data-element_type=\"column\" data-e-type=\"column\">\n\t\t\t<div class=\"elementor-widget-wrap elementor-element-populated\">\n\t\t\t\t\t\t<div class=\"elementor-element elementor-element-44052b4 elementor-widget elementor-widget-image\" data-id=\"44052b4\" data-element_type=\"widget\" data-e-type=\"widget\" data-widget_type=\"image.default\">\n\t\t\t\t<div class=\"elementor-widget-container\">\n\t\t\t\t\t\t\t\t\t\t\t\t\t\t\t<img loading=\"lazy\" decoding=\"async\" width=\"1300\" height=\"706\" src=\"https:\/\/zelglobal.com\/wp-content\/uploads\/2025\/08\/surdurebilirlik-1300x706.jpg\" class=\"attachment-large size-large wp-image-28530\" alt=\"\" srcset=\"https:\/\/zelglobal.com\/wp-content\/uploads\/2025\/08\/surdurebilirlik-1300x706.jpg 1300w, https:\/\/zelglobal.com\/wp-content\/uploads\/2025\/08\/surdurebilirlik-scaled-600x326.jpg 600w, https:\/\/zelglobal.com\/wp-content\/uploads\/2025\/08\/surdurebilirlik-scaled-150x82.jpg 150w, https:\/\/zelglobal.com\/wp-content\/uploads\/2025\/08\/surdurebilirlik-scaled-1200x652.jpg 1200w, https:\/\/zelglobal.com\/wp-content\/uploads\/2025\/08\/surdurebilirlik-400x217.jpg 400w, https:\/\/zelglobal.com\/wp-content\/uploads\/2025\/08\/surdurebilirlik-768x417.jpg 768w, https:\/\/zelglobal.com\/wp-content\/uploads\/2025\/08\/surdurebilirlik-1536x835.jpg 1536w, https:\/\/zelglobal.com\/wp-content\/uploads\/2025\/08\/surdurebilirlik-2048x1113.jpg 2048w\" sizes=\"auto, (max-width: 1300px) 100vw, 1300px\" \/>\t\t\t\t\t\t\t\t\t\t\t\t\t\t\t<\/div>\n\t\t\t\t<\/div>\n\t\t\t\t\t<\/div>\n\t\t<\/div>\n\t\t\t\t\t<\/div>\n\t\t<\/section>\n\t\t\t\t\t<\/div>\n\t\t<\/div>\n\t\t\t\t\t<\/div>\n\t\t<\/section>\n\t\t\t\t<section class=\"wd-negative-gap elementor-section elementor-top-section elementor-element elementor-element-fb1d8b0 wd-section-stretch elementor-section-boxed elementor-section-height-default elementor-section-height-default\" data-id=\"fb1d8b0\" data-element_type=\"section\" data-e-type=\"section\" data-settings=\"{&quot;background_background&quot;:&quot;classic&quot;}\">\n\t\t\t\t\t\t<div class=\"elementor-container elementor-column-gap-default\">\n\t\t\t\t\t<div class=\"elementor-column elementor-col-100 elementor-top-column elementor-element elementor-element-338c724\" data-id=\"338c724\" data-element_type=\"column\" data-e-type=\"column\">\n\t\t\t<div class=\"elementor-widget-wrap elementor-element-populated\">\n\t\t\t\t\t\t<div class=\"elementor-element elementor-element-75e8057 wd-width-100 elementor-widget elementor-widget-wd_title\" data-id=\"75e8057\" data-element_type=\"widget\" data-e-type=\"widget\" data-widget_type=\"wd_title.default\">\n\t\t\t\t<div class=\"elementor-widget-container\">\n\t\t\t\t\t\t\t<div class=\"title-wrapper wd-set-mb reset-last-child wd-title-color-default wd-title-style-default wd-title-size-default text-center\">\n\n\t\t\t\n\t\t\t<div class=\"liner-continer\">\n\t\t\t\t<h4 class=\"woodmart-title-container title wd-fontsize-l\"><\/h4> \n\t\t\t\t\t\t\t<\/div>\n\n\t\t\t\t\t\t\t<div class=\"title-after_title reset-last-child wd-fontsize-xs\">\n\t\t\t\t\t<p><span style=\"font-weight: 400\">Zel Global olarak; \u201c<\/span><i><span style=\"font-weight: 400\">Yedikleriniz ilac\u0131n\u0131z, ilac\u0131n\u0131z yedikleriniz olsun<\/span><\/i><span style=\"font-weight: 400\">\u00a0<\/span><i><span style=\"font-weight: 400\">- Hipokrat<\/span><\/i><span style=\"font-weight: 400\">\u201d ilkesiyle hareket ediyor, do\u011fal, katk\u0131s\u0131z ve sa\u011fl\u0131kl\u0131 g\u0131dalar\u0131 d\u00fcnya \u00e7ap\u0131nda eri\u015filebilir k\u0131lmay\u0131 ama\u00e7l\u0131yoruz.\u00a0Bu vizyon do\u011frultusunda s\u00fcrd\u00fcr\u00fclebilirli\u011fi \u00fc\u00e7 temel boyutta ele al\u0131yoruz:<\/span><\/p><p><b>1. \u00c7evresel S\u00fcrd\u00fcr\u00fclebilirlik<\/b><\/p><ul><li><span style=\"font-weight: 400\">Do\u011fal kaynaklar\u0131 (su, enerji, hammadde) verimli kullanarak \u00fcretimimizi \u00e7evre dostu y\u00f6ntemlerle ger\u00e7ekle\u015ftiriyoruz.<\/span><\/li><li><span style=\"font-weight: 400\">Ambalajlar\u0131m\u0131zda geri d\u00f6n\u00fc\u015ft\u00fcr\u00fclebilir ve \u00e7evre dostu malzemeleri tercih ederek at\u0131k olu\u015fumunu en aza indiriyoruz.<\/span><\/li><li><span style=\"font-weight: 400\">At\u0131k y\u00f6netimi, geri d\u00f6n\u00fc\u015f\u00fcm ve karbon ayak izi konusunda iyile\u015ftirme odakl\u0131 \u00e7al\u0131\u015fmalar y\u00fcr\u00fct\u00fcyoruz.<\/span><\/li><\/ul><p><b>2. Sosyal S\u00fcrd\u00fcr\u00fclebilirlik<\/b><\/p><ul><li><span style=\"font-weight: 400\">\u00dcr\u00fcnlerimizin do\u011fal ve katk\u0131s\u0131z olmas\u0131, sa\u011fl\u0131kl\u0131 ya\u015fam\u0131 destekleyerek toplum refah\u0131na katk\u0131da bulunur\u00a0.<\/span><\/li><li><span style=\"font-weight: 400\">\u0130\u015f sa\u011fl\u0131\u011f\u0131, g\u00fcvenli\u011fi ve \u00e7al\u0131\u015fan refah\u0131 i\u00e7in g\u00fcvenli bir \u00e7al\u0131\u015fma ortam\u0131 sa\u011fl\u0131yor; s\u00fcrekli e\u011fitimlerle geli\u015fimlerini destekliyoruz.<\/span><\/li><li><span style=\"font-weight: 400\">Tedarik\u00e7i ve i\u015f ortaklar\u0131m\u0131zla \u015feffaf, etik ili\u015fkiler kuruyor; adil ticaret ve sosyal sorumluluk ilkelerini payla\u015f\u0131yoruz.<\/span><\/li><\/ul><p><b>3. Ekonomik S\u00fcrd\u00fcr\u00fclebilirlik<\/b><\/p><ul><li><span style=\"font-weight: 400\">Ar-Ge odakl\u0131 olarak geleneksel ve inovatif \u00fcr\u00fcn gam\u0131m\u0131z\u0131 (kemik suyu, kolajenli i\u00e7ecek, haz\u0131r yemekler vb.) geli\u015ftirip \u00e7e\u015fitlendiriyoruz<\/span><\/li><li><span style=\"font-weight: 400\">Kalite y\u00f6netimi (ISO 9001:2015 KYS\/ ISO 22000:2018 GGYS\/ FSSC 22000 GGYS gibi) sertifikalarla desteklenen s\u00fcre\u00e7lerimizle g\u00fcvenli ve y\u00fcksek katma de\u011ferli \u00fcr\u00fcnler sunuyoruz.<\/span><\/li><li><span style=\"font-weight: 400\">T\u00fcketici memnuniyeti ve pazar \u00e7e\u015fitlili\u011fiyle s\u00fcrd\u00fcr\u00fclebilir b\u00fcy\u00fcmeyi hedefliyoruz\u00a0.<\/span><\/li><\/ul><p><span style=\"font-weight: 400\">\u00a0<\/span><\/p><p><b>4. S\u00fcrekli \u0130yile\u015ftirme<\/b><\/p><ul><li><span style=\"font-weight: 400\">S\u00fcrd\u00fcr\u00fclebilirlik performans\u0131m\u0131z\u0131 d\u00fczenli olarak \u00f6l\u00e7\u00fcyor, hedefler do\u011frultusunda revize ediyoruz.<\/span><\/li><li><span style=\"font-weight: 400\">T\u00fcm s\u00fcre\u00e7lerimizde yenilik\u00e7i teknolojiler ve e\u011fitimlerle geli\u015fmeyi esas al\u0131yoruz.<\/span><\/li><li><span style=\"font-weight: 400\">Geri bildirim mekanizmalar\u0131yla payda\u015flar\u0131m\u0131zla s\u00fcrekli ileti\u015fim kurarak iyile\u015ftirmeler sa\u011fl\u0131yoruz.<\/span><\/li><\/ul><p><span style=\"font-weight: 400\">Bu politika, Zel Global\u2019in do\u011faya sayg\u0131l\u0131, insan\u0131 merkeze alan ve ekonomik sorumluluk \u00fczerine kurulu i\u015f anlay\u0131\u015f\u0131n\u0131 temsil eder. Do\u011fal \u00fcr\u00fcnlerimizin kalitesi i\u00e7in s\u00fcrd\u00fcr\u00fclebilirli\u011fi her zaman \u00f6nceli\u011fimiz olarak benimsiyoruz.<\/span><\/p>\t\t\t\t<\/div>\n\t\t\t\t\t<\/div>\n\t\t\t\t\t\t<\/div>\n\t\t\t\t<\/div>\n\t\t\t\t\t<\/div>\n\t\t<\/div>\n\t\t\t\t\t<\/div>\n\t\t<\/section>\n\t\t\t\t<\/div>","protected":false},"excerpt":{"rendered":"<p>Zel Global olarak; \u201cYedikleriniz ilac\u0131n\u0131z, ilac\u0131n\u0131z yedikleriniz olsun\u00a0&#8211; Hipokrat\u201d ilkesiyle hareket ediyor, do\u011fal, katk\u0131s\u0131z ve sa\u011fl\u0131kl\u0131 g\u0131dalar\u0131 d\u00fcnya \u00e7ap\u0131nda eri\u015filebilir<\/p>","protected":false},"author":1,"featured_media":0,"parent":0,"menu_order":0,"comment_status":"closed","ping_status":"closed","template":"elementor_header_footer","meta":{"footnotes":""},"class_list":["post-27990","page","type-page","status-publish","hentry"],"_links":{"self":[{"href":"https:\/\/zelglobal.com\/en\/wp-json\/wp\/v2\/pages\/27990","targetHints":{"allow":["GET"]}}],"collection":[{"href":"https:\/\/zelglobal.com\/en\/wp-json\/wp\/v2\/pages"}],"about":[{"href":"https:\/\/zelglobal.com\/en\/wp-json\/wp\/v2\/types\/page"}],"author":[{"embeddable":true,"href":"https:\/\/zelglobal.com\/en\/wp-json\/wp\/v2\/users\/1"}],"replies":[{"embeddable":true,"href":"https:\/\/zelglobal.com\/en\/wp-json\/wp\/v2\/comments?post=27990"}],"version-history":[{"count":25,"href":"https:\/\/zelglobal.com\/en\/wp-json\/wp\/v2\/pages\/27990\/revisions"}],"predecessor-version":[{"id":28615,"href":"https:\/\/zelglobal.com\/en\/wp-json\/wp\/v2\/pages\/27990\/revisions\/28615"}],"wp:attachment":[{"href":"https:\/\/zelglobal.com\/en\/wp-json\/wp\/v2\/media?parent=27990"}],"curies":[{"name":"wp","href":"https:\/\/api.w.org\/{rel}","templated":true}]}}