{"id":28319,"date":"2025-08-01T02:50:39","date_gmt":"2025-07-31T23:50:39","guid":{"rendered":"https:\/\/gifajans.info\/zelGlobal\/?page_id=28319"},"modified":"2026-04-16T12:32:52","modified_gmt":"2026-04-16T09:32:52","slug":"satis-noktalarimiz","status":"publish","type":"page","link":"https:\/\/zelglobal.com\/en\/satis-noktalarimiz\/","title":{"rendered":"Our Sales Points"},"content":{"rendered":"<div data-elementor-type=\"wp-page\" data-elementor-id=\"28319\" class=\"elementor elementor-28319\" data-elementor-post-type=\"page\">\n\t\t\t\t<div class=\"elementor-element elementor-element-7ce8a3a e-con-full e-flex e-con e-parent\" data-id=\"7ce8a3a\" data-element_type=\"container\" data-e-type=\"container\">\n\t\t\t\t<div class=\"elementor-element elementor-element-26f7f0e elementor-widget elementor-widget-html\" data-id=\"26f7f0e\" data-element_type=\"widget\" data-e-type=\"widget\" data-widget_type=\"html.default\">\n\t\t\t\t<div class=\"elementor-widget-container\">\n\t\t\t\t\t<section class=\"zel-sales-points\">\n  <div class=\"zel-sales-points__inner\">\n    <div class=\"zel-sales-points__head\">\n      \n      <p>\n        \u00dcr\u00fcnlerimize se\u00e7kin marketler, online platformlar ve i\u015f ortaklar\u0131m\u0131z arac\u0131l\u0131\u011f\u0131yla ula\u015fabilirsiniz.\n      <\/p>\n    <\/div>\n\n    <div class=\"zel-sales-points__grid\">\n\n      <div class=\"zel-point-card\">\n        <div class=\"zel-point-card__logo\">\n          <img decoding=\"async\" src=\"https:\/\/zelglobal.com\/wp-content\/uploads\/2025\/07\/yunus.png\" alt=\"Yunus Market\">\n        <\/div>\n        <div class=\"zel-point-card__name\">Yunus Market<\/div>\n      <\/div>\n\n      <div class=\"zel-point-card\">\n        <div class=\"zel-point-card__logo\">\n          <img decoding=\"async\" src=\"https:\/\/zelglobal.com\/wp-content\/uploads\/2025\/07\/tereci.png\" alt=\"Tereci\">\n        <\/div>\n        <div class=\"zel-point-card__name\">Tereci<\/div>\n      <\/div>\n\n      <div class=\"zel-point-card\">\n        <div class=\"zel-point-card__logo\">\n          <img decoding=\"async\" src=\"https:\/\/zelglobal.com\/wp-content\/uploads\/2025\/07\/tahtakale.png\" alt=\"Tahtakale Spot\">\n        <\/div>\n        <div class=\"zel-point-card__name\">Tahtakale<\/div>\n      <\/div>\n\n      <div class=\"zel-point-card\">\n        <div class=\"zel-point-card__logo\">\n          <img decoding=\"async\" src=\"https:\/\/zelglobal.com\/wp-content\/uploads\/2025\/07\/anillar.png\" alt=\"An\u0131llar\">\n        <\/div>\n        <div class=\"zel-point-card__name\">An\u0131llar<\/div>\n      <\/div>\n\n      <div class=\"zel-point-card\">\n        <div class=\"zel-point-card__logo\">\n          <img decoding=\"async\" src=\"https:\/\/zelglobal.com\/wp-content\/uploads\/2025\/07\/ozenler.png\" alt=\"\u00d6zenler\">\n        <\/div>\n        <div class=\"zel-point-card__name\">\u00d6zenler<\/div>\n      <\/div>\n\n      <div class=\"zel-point-card\">\n        <div class=\"zel-point-card__logo\">\n          <img decoding=\"async\" src=\"https:\/\/zelglobal.com\/wp-content\/uploads\/2025\/07\/bicen.png\" alt=\"Bi\u00e7en\">\n        <\/div>\n        <div class=\"zel-point-card__name\">Bi\u00e7en<\/div>\n      <\/div>\n\n      <div class=\"zel-point-card\">\n        <div class=\"zel-point-card__logo\">\n          <img decoding=\"async\" src=\"https:\/\/zelglobal.com\/wp-content\/uploads\/2025\/07\/sali-pazari.png\" alt=\"Sal\u0131 Pazar\u0131\">\n        <\/div>\n        <div class=\"zel-point-card__name\">Sal\u0131 Pazar\u0131<\/div>\n      <\/div>\n\n      <div class=\"zel-point-card\">\n        <div class=\"zel-point-card__logo\">\n          <img decoding=\"async\" src=\"https:\/\/zelglobal.com\/wp-content\/uploads\/2025\/07\/pasa-ciftligi.png\" alt=\"Pa\u015fa \u00c7iftli\u011fi\">\n        <\/div>\n        <div class=\"zel-point-card__name\">Pa\u015fa \u00c7iftli\u011fi<\/div>\n      <\/div>\n\n      <div class=\"zel-point-card\">\n        <div class=\"zel-point-card__logo\">\n          <img decoding=\"async\" src=\"https:\/\/zelglobal.com\/wp-content\/uploads\/2025\/07\/gourmet-garage.png\" alt=\"Gourmet Garage\">\n        <\/div>\n        <div class=\"zel-point-card__name\">Gourmet Garage<\/div>\n      <\/div>\n\n      <div class=\"zel-point-card\">\n        <div class=\"zel-point-card__logo\">\n          <img decoding=\"async\" src=\"https:\/\/zelglobal.com\/wp-content\/uploads\/2025\/07\/getir.png\" alt=\"Getir\">\n        <\/div>\n        <div class=\"zel-point-card__name\">Getir<\/div>\n      <\/div>\n\n      <div class=\"zel-point-card\">\n        <div class=\"zel-point-card__logo\">\n          <img decoding=\"async\" src=\"https:\/\/zelglobal.com\/wp-content\/uploads\/2025\/07\/hepsiburada.png\" alt=\"Hepsiburada\">\n        <\/div>\n        <div class=\"zel-point-card__name\">Hepsiburada<\/div>\n      <\/div>\n\n      <div class=\"zel-point-card\">\n        <div class=\"zel-point-card__logo\">\n          <img decoding=\"async\" src=\"https:\/\/zelglobal.com\/wp-content\/uploads\/2025\/07\/trendyol.png\" alt=\"Trendyol\">\n        <\/div>\n        <div class=\"zel-point-card__name\">Trendyol<\/div>\n      <\/div>\n\n      <div class=\"zel-point-card\">\n        <div class=\"zel-point-card__logo\">\n          <img decoding=\"async\" src=\"https:\/\/zelglobal.com\/wp-content\/uploads\/2025\/07\/yemeksepeti-banabi.png\" alt=\"Yemeksepeti Banabi\">\n        <\/div>\n        <div class=\"zel-point-card__name\">Yemeksepeti Banabi<\/div>\n      <\/div>\n\n      <div class=\"zel-point-card\">\n        <div class=\"zel-point-card__logo\">\n          <img decoding=\"async\" src=\"https:\/\/zelglobal.com\/wp-content\/uploads\/2025\/07\/metro.png\" alt=\"Metro\">\n        <\/div>\n        <div class=\"zel-point-card__name\">Metro<\/div>\n      <\/div>\n\n      <div class=\"zel-point-card\">\n        <div class=\"zel-point-card__logo\">\n          <img decoding=\"async\" src=\"https:\/\/zelglobal.com\/wp-content\/uploads\/2025\/07\/macro-center.png\" alt=\"Macro Center\">\n        <\/div>\n        <div class=\"zel-point-card__name\">Macro Center<\/div>\n      <\/div>\n\n      <div class=\"zel-point-card\">\n        <div class=\"zel-point-card__logo\">\n          <img decoding=\"async\" src=\"https:\/\/zelglobal.com\/wp-content\/uploads\/2025\/07\/gurtat.png\" alt=\"G\u00fcrtat\">\n        <\/div>\n        <div class=\"zel-point-card__name\">G\u00fcrtat<\/div>\n      <\/div>\n\n      <div class=\"zel-point-card\">\n        <div class=\"zel-point-card__logo\">\n          <img decoding=\"async\" src=\"https:\/\/zelglobal.com\/wp-content\/uploads\/2025\/07\/migros.png\" alt=\"Migros\">\n        <\/div>\n        <div class=\"zel-point-card__name\">Migros<\/div>\n      <\/div>\n\n      <div class=\"zel-point-card\">\n        <div class=\"zel-point-card__logo\">\n          <img decoding=\"async\" src=\"https:\/\/zelglobal.com\/wp-content\/uploads\/2025\/07\/kim.png\" alt=\"K\u0130M Market\">\n        <\/div>\n        <div class=\"zel-point-card__name\">K\u0130M Market<\/div>\n      <\/div>\n\n      <div class=\"zel-point-card\">\n        <div class=\"zel-point-card__logo\">\n          <img decoding=\"async\" src=\"https:\/\/zelglobal.com\/wp-content\/uploads\/2025\/07\/kooperatif.png\" alt=\"Kooperatif\">\n        <\/div>\n        <div class=\"zel-point-card__name\">Kooperatif<\/div>\n      <\/div>\n\n      <div class=\"zel-point-card\">\n        <div class=\"zel-point-card__logo\">\n          <img decoding=\"async\" src=\"https:\/\/zelglobal.com\/wp-content\/uploads\/2025\/07\/pehlivanoglu.png\" alt=\"Pehlivano\u011flu\">\n        <\/div>\n        <div class=\"zel-point-card__name\">Pehlivano\u011flu<\/div>\n      <\/div>\n\n      <div class=\"zel-point-card\">\n        <div class=\"zel-point-card__logo\">\n          <img decoding=\"async\" src=\"https:\/\/zelglobal.com\/wp-content\/uploads\/2025\/07\/baris-gross.png\" alt=\"Bar\u0131\u015f Gross\">\n        <\/div>\n        <div class=\"zel-point-card__name\">Bar\u0131\u015f Gross<\/div>\n      <\/div>\n\n      <a class=\"zel-point-card zel-point-card--link\" href=\"https:\/\/tolun.de\/\" target=\"_blank\" rel=\"noopener\">\n        <div class=\"zel-point-card__logo\">\n          <img decoding=\"async\" src=\"https:\/\/zelglobal.com\/wp-content\/uploads\/2026\/02\/tolunlogo.gif\" alt=\"Tolun\">\n        <\/div>\n        <div class=\"zel-point-card__name\">Tolun<\/div>\n      <\/a>\n\n    <\/div>\n  <\/div>\n<\/section>\n\n<style>\n  .zel-sales-points{\n    --zel-green:#8abc23;\n    --zel-dark:#1f2a1f;\n    --zel-text:#5b635c;\n    --zel-line:#e8ece4;\n    --zel-bg:#f8f8f4;\n    padding: 30px 0;\n   \n  }\n\n  .zel-sales-points *{\n    box-sizing:border-box;\n  }\n\n  .zel-sales-points__inner{\n   \n    margin: 0 auto;\n  }\n\n  .zel-sales-points__head{\n    text-align:center;\n    max-width: 760px;\n    margin: 0 auto 34px;\n  }\n\n  .zel-sales-points__eyebrow{\n    display:inline-block;\n    font-size:12px;\n    font-weight:700;\n    letter-spacing:1.2px;\n    text-transform:uppercase;\n    color:var(--zel-green);\n    margin-bottom:10px;\n  }\n\n  .zel-sales-points__head h2{\n    margin:0 0 12px;\n    font-size:42px;\n    line-height:1.1;\n    font-weight:800;\n    color:var(--zel-dark);\n  }\n\n  .zel-sales-points__head p{\n    margin:0;\n    font-size:16px;\n    line-height:1.7;\n    color:var(--zel-text);\n  }\n\n  .zel-sales-points__grid{\n    display:grid;\n    grid-template-columns:repeat(4,minmax(0,1fr));\n    gap:22px;\n  }\n\n  .zel-point-card{\n    display:flex;\n    flex-direction:column;\n    justify-content:space-between;\n    align-items:center;\n    min-height:190px;\n    padding:26px 20px 20px;\n    background:#fff;\n    border:1px solid var(--zel-line);\n    border-radius:22px;\n    text-align:center;\n    text-decoration:none;\n    box-shadow:0 8px 24px rgba(17,24,39,.05);\n    transition:transform .28s ease, box-shadow .28s ease, border-color .28s ease;\n  }\n\n  .zel-point-card:hover{\n    transform:translateY(-6px);\n    box-shadow:0 18px 34px rgba(17,24,39,.08);\n    border-color:rgba(138,188,35,.35);\n  }\n\n  .zel-point-card__logo{\n    width:100%;\n    height:92px;\n    display:flex;\n    align-items:center;\n    justify-content:center;\n    margin-bottom:18px;\n    padding:8px;\n  }\n\n  .zel-point-card__logo img{\n    max-width:100%;\n    max-height:76px;\n    width:auto;\n    height:auto;\n    object-fit:contain;\n    filter:grayscale(0%);\n    transition:transform .28s ease, opacity .28s ease;\n  }\n\n  .zel-point-card:hover .zel-point-card__logo img{\n    transform:scale(1.03);\n  }\n\n  .zel-point-card__name{\n    font-size:15px;\n    line-height:1.4;\n    font-weight:700;\n    color:var(--zel-dark);\n  }\n\n  .zel-point-card--link .zel-point-card__name::after{\n    content:\" \u2197\";\n    font-weight:600;\n    color:var(--zel-green);\n  }\n\n  @media (max-width: 1024px){\n    .zel-sales-points__grid{\n      grid-template-columns:repeat(3,minmax(0,1fr));\n    }\n\n    .zel-sales-points__head h2{\n      font-size:34px;\n    }\n  }\n\n  @media (max-width: 767px){\n    .zel-sales-points{\n      padding: 10px 0 20px;\n    }\n\n    .zel-sales-points__head{\n      margin-bottom:24px;\n    }\n\n    .zel-sales-points__head h2{\n      font-size:28px;\n    }\n\n    .zel-sales-points__head p{\n      font-size:14px;\n      line-height:1.6;\n    }\n\n    .zel-sales-points__grid{\n      grid-template-columns:repeat(2,minmax(0,1fr));\n      gap:14px;\n    }\n\n    .zel-point-card{\n      min-height:150px;\n      padding:18px 14px 16px;\n      border-radius:16px;\n    }\n\n    .zel-point-card__logo{\n      height:68px;\n      margin-bottom:12px;\n    }\n\n    .zel-point-card__logo img{\n      max-height:54px;\n    }\n\n    .zel-point-card__name{\n      font-size:13px;\n    }\n  }\n<\/style>\t\t\t\t<\/div>\n\t\t\t\t<\/div>\n\t\t\t\t<\/div>\n\t\t\t\t<\/div>","protected":false},"excerpt":{"rendered":"<p>\u00dcr\u00fcnlerimize se\u00e7kin marketler, online platformlar ve i\u015f ortaklar\u0131m\u0131z arac\u0131l\u0131\u011f\u0131yla ula\u015fabilirsiniz. Yunus Market Tereci Tahtakale An\u0131llar \u00d6zenler Bi\u00e7en Sal\u0131 Pazar\u0131 Pa\u015fa<\/p>","protected":false},"author":1,"featured_media":0,"parent":0,"menu_order":0,"comment_status":"closed","ping_status":"closed","template":"elementor_header_footer","meta":{"footnotes":""},"class_list":["post-28319","page","type-page","status-publish","hentry"],"_links":{"self":[{"href":"https:\/\/zelglobal.com\/en\/wp-json\/wp\/v2\/pages\/28319","targetHints":{"allow":["GET"]}}],"collection":[{"href":"https:\/\/zelglobal.com\/en\/wp-json\/wp\/v2\/pages"}],"about":[{"href":"https:\/\/zelglobal.com\/en\/wp-json\/wp\/v2\/types\/page"}],"author":[{"embeddable":true,"href":"https:\/\/zelglobal.com\/en\/wp-json\/wp\/v2\/users\/1"}],"replies":[{"embeddable":true,"href":"https:\/\/zelglobal.com\/en\/wp-json\/wp\/v2\/comments?post=28319"}],"version-history":[{"count":22,"href":"https:\/\/zelglobal.com\/en\/wp-json\/wp\/v2\/pages\/28319\/revisions"}],"predecessor-version":[{"id":30668,"href":"https:\/\/zelglobal.com\/en\/wp-json\/wp\/v2\/pages\/28319\/revisions\/30668"}],"wp:attachment":[{"href":"https:\/\/zelglobal.com\/en\/wp-json\/wp\/v2\/media?parent=28319"}],"curies":[{"name":"wp","href":"https:\/\/api.w.org\/{rel}","templated":true}]}}