{"id":29337,"date":"2025-08-01T02:50:39","date_gmt":"2025-07-31T23:50:39","guid":{"rendered":"https:\/\/zelglobal.com\/satis-noktalarimiz\/"},"modified":"2025-09-01T17:41:08","modified_gmt":"2025-09-01T14:41:08","slug":"our-sales-points","status":"publish","type":"page","link":"https:\/\/zelglobal.com\/en\/our-sales-points\/","title":{"rendered":"Our Sales Points"},"content":{"rendered":"\t\t<div data-elementor-type=\"wp-page\" data-elementor-id=\"29337\" class=\"elementor elementor-29337\" data-elementor-post-type=\"page\">\n\t\t\t\t<div class=\"wd-negative-gap elementor-element elementor-element-59d1089 e-flex e-con-boxed e-con e-parent\" data-id=\"59d1089\" data-element_type=\"container\" data-e-type=\"container\">\n\t\t\t\t\t<div class=\"e-con-inner\">\n\t\t\t\t<div class=\"elementor-element elementor-element-582e272 elementor-widget elementor-widget-gallery\" data-id=\"582e272\" data-element_type=\"widget\" data-e-type=\"widget\" data-settings=\"{&quot;gallery_layout&quot;:&quot;justified&quot;,&quot;gap&quot;:{&quot;unit&quot;:&quot;px&quot;,&quot;size&quot;:36,&quot;sizes&quot;:[]},&quot;background_overlay_hover_animation&quot;:&quot;enter-from-right&quot;,&quot;lazyload&quot;:&quot;yes&quot;,&quot;ideal_row_height&quot;:{&quot;unit&quot;:&quot;px&quot;,&quot;size&quot;:200,&quot;sizes&quot;:[]},&quot;ideal_row_height_tablet&quot;:{&quot;unit&quot;:&quot;px&quot;,&quot;size&quot;:150,&quot;sizes&quot;:[]},&quot;ideal_row_height_mobile&quot;:{&quot;unit&quot;:&quot;px&quot;,&quot;size&quot;:150,&quot;sizes&quot;:[]},&quot;gap_tablet&quot;:{&quot;unit&quot;:&quot;px&quot;,&quot;size&quot;:10,&quot;sizes&quot;:[]},&quot;gap_mobile&quot;:{&quot;unit&quot;:&quot;px&quot;,&quot;size&quot;:10,&quot;sizes&quot;:[]},&quot;link_to&quot;:&quot;file&quot;,&quot;overlay_background&quot;:&quot;yes&quot;,&quot;content_hover_animation&quot;:&quot;fade-in&quot;}\" data-widget_type=\"gallery.default\">\n\t\t\t\t<div class=\"elementor-widget-container\">\n\t\t\t\t\t\t\t<div class=\"elementor-gallery__container\">\n\t\t\t\t\t\t\t<a class=\"e-gallery-item elementor-gallery-item elementor-animated-content\" href=\"https:\/\/zelglobal.com\/wp-content\/uploads\/2025\/07\/yunus.png\" data-elementor-open-lightbox=\"yes\" data-elementor-lightbox-slideshow=\"582e272\" data-elementor-lightbox-title=\"yunus\" data-e-action-hash=\"#elementor-action%3Aaction%3Dlightbox%26settings%3DeyJpZCI6MjgxNDEsInVybCI6Imh0dHBzOlwvXC96ZWxnbG9iYWwuY29tXC93cC1jb250ZW50XC91cGxvYWRzXC8yMDI1XC8wN1wveXVudXMucG5nIiwic2xpZGVzaG93IjoiNTgyZTI3MiJ9\">\n\t\t\t\t\t<div class=\"e-gallery-image elementor-gallery-item__image\" data-thumbnail=\"https:\/\/zelglobal.com\/wp-content\/uploads\/2025\/07\/yunus.png\" data-width=\"200\" data-height=\"200\" aria-label=\"\" role=\"img\" ><\/div>\n\t\t\t\t\t\t\t\t\t\t\t<div class=\"elementor-gallery-item__overlay\"><\/div>\n\t\t\t\t\t\t\t\t\t\t\t\t\t\t<\/a>\n\t\t\t\t\t\t\t<a class=\"e-gallery-item elementor-gallery-item elementor-animated-content\" href=\"https:\/\/zelglobal.com\/wp-content\/uploads\/2025\/07\/tereci.png\" data-elementor-open-lightbox=\"yes\" data-elementor-lightbox-slideshow=\"582e272\" data-elementor-lightbox-title=\"tereci\" data-e-action-hash=\"#elementor-action%3Aaction%3Dlightbox%26settings%3DeyJpZCI6MjgxMzgsInVybCI6Imh0dHBzOlwvXC96ZWxnbG9iYWwuY29tXC93cC1jb250ZW50XC91cGxvYWRzXC8yMDI1XC8wN1wvdGVyZWNpLnBuZyIsInNsaWRlc2hvdyI6IjU4MmUyNzIifQ%3D%3D\">\n\t\t\t\t\t<div class=\"e-gallery-image elementor-gallery-item__image\" data-thumbnail=\"https:\/\/zelglobal.com\/wp-content\/uploads\/2025\/07\/tereci.png\" data-width=\"200\" data-height=\"200\" aria-label=\"\" role=\"img\" ><\/div>\n\t\t\t\t\t\t\t\t\t\t\t<div class=\"elementor-gallery-item__overlay\"><\/div>\n\t\t\t\t\t\t\t\t\t\t\t\t\t\t<\/a>\n\t\t\t\t\t\t\t<a class=\"e-gallery-item elementor-gallery-item elementor-animated-content\" href=\"https:\/\/zelglobal.com\/wp-content\/uploads\/2025\/07\/tahtakale.png\" data-elementor-open-lightbox=\"yes\" data-elementor-lightbox-slideshow=\"582e272\" data-elementor-lightbox-title=\"tahtakale\" data-e-action-hash=\"#elementor-action%3Aaction%3Dlightbox%26settings%3DeyJpZCI6MjgxMzcsInVybCI6Imh0dHBzOlwvXC96ZWxnbG9iYWwuY29tXC93cC1jb250ZW50XC91cGxvYWRzXC8yMDI1XC8wN1wvdGFodGFrYWxlLnBuZyIsInNsaWRlc2hvdyI6IjU4MmUyNzIifQ%3D%3D\">\n\t\t\t\t\t<div class=\"e-gallery-image elementor-gallery-item__image\" data-thumbnail=\"https:\/\/zelglobal.com\/wp-content\/uploads\/2025\/07\/tahtakale.png\" data-width=\"200\" data-height=\"200\" aria-label=\"\" role=\"img\" ><\/div>\n\t\t\t\t\t\t\t\t\t\t\t<div class=\"elementor-gallery-item__overlay\"><\/div>\n\t\t\t\t\t\t\t\t\t\t\t\t\t\t<\/a>\n\t\t\t\t\t\t\t<a class=\"e-gallery-item elementor-gallery-item elementor-animated-content\" href=\"https:\/\/zelglobal.com\/wp-content\/uploads\/2025\/07\/anillar.png\" data-elementor-open-lightbox=\"yes\" data-elementor-lightbox-slideshow=\"582e272\" data-elementor-lightbox-title=\"an\u0131llar\" data-e-action-hash=\"#elementor-action%3Aaction%3Dlightbox%26settings%3DeyJpZCI6MjgxMjEsInVybCI6Imh0dHBzOlwvXC96ZWxnbG9iYWwuY29tXC93cC1jb250ZW50XC91cGxvYWRzXC8yMDI1XC8wN1wvYW5pbGxhci5wbmciLCJzbGlkZXNob3ciOiI1ODJlMjcyIn0%3D\">\n\t\t\t\t\t<div class=\"e-gallery-image elementor-gallery-item__image\" data-thumbnail=\"https:\/\/zelglobal.com\/wp-content\/uploads\/2025\/07\/anillar.png\" data-width=\"200\" data-height=\"200\" aria-label=\"\" role=\"img\" ><\/div>\n\t\t\t\t\t\t\t\t\t\t\t<div class=\"elementor-gallery-item__overlay\"><\/div>\n\t\t\t\t\t\t\t\t\t\t\t\t\t\t<\/a>\n\t\t\t\t\t\t\t<a class=\"e-gallery-item elementor-gallery-item elementor-animated-content\" href=\"https:\/\/zelglobal.com\/wp-content\/uploads\/2025\/07\/ozenler.png\" data-elementor-open-lightbox=\"yes\" data-elementor-lightbox-slideshow=\"582e272\" data-elementor-lightbox-title=\"\u00f6zenler\" data-e-action-hash=\"#elementor-action%3Aaction%3Dlightbox%26settings%3DeyJpZCI6MjgxMzMsInVybCI6Imh0dHBzOlwvXC96ZWxnbG9iYWwuY29tXC93cC1jb250ZW50XC91cGxvYWRzXC8yMDI1XC8wN1wvb3plbmxlci5wbmciLCJzbGlkZXNob3ciOiI1ODJlMjcyIn0%3D\">\n\t\t\t\t\t<div class=\"e-gallery-image elementor-gallery-item__image\" data-thumbnail=\"https:\/\/zelglobal.com\/wp-content\/uploads\/2025\/07\/ozenler.png\" data-width=\"200\" data-height=\"200\" aria-label=\"\" role=\"img\" ><\/div>\n\t\t\t\t\t\t\t\t\t\t\t<div class=\"elementor-gallery-item__overlay\"><\/div>\n\t\t\t\t\t\t\t\t\t\t\t\t\t\t<\/a>\n\t\t\t\t\t\t\t<a class=\"e-gallery-item elementor-gallery-item elementor-animated-content\" href=\"https:\/\/zelglobal.com\/wp-content\/uploads\/2025\/07\/bicen.png\" data-elementor-open-lightbox=\"yes\" data-elementor-lightbox-slideshow=\"582e272\" data-elementor-lightbox-title=\"bi\u00e7en\" data-e-action-hash=\"#elementor-action%3Aaction%3Dlightbox%26settings%3DeyJpZCI6MjgxMjMsInVybCI6Imh0dHBzOlwvXC96ZWxnbG9iYWwuY29tXC93cC1jb250ZW50XC91cGxvYWRzXC8yMDI1XC8wN1wvYmljZW4ucG5nIiwic2xpZGVzaG93IjoiNTgyZTI3MiJ9\">\n\t\t\t\t\t<div class=\"e-gallery-image elementor-gallery-item__image\" data-thumbnail=\"https:\/\/zelglobal.com\/wp-content\/uploads\/2025\/07\/bicen.png\" data-width=\"200\" data-height=\"200\" aria-label=\"\" role=\"img\" ><\/div>\n\t\t\t\t\t\t\t\t\t\t\t<div class=\"elementor-gallery-item__overlay\"><\/div>\n\t\t\t\t\t\t\t\t\t\t\t\t\t\t<\/a>\n\t\t\t\t\t\t\t<a class=\"e-gallery-item elementor-gallery-item elementor-animated-content\" href=\"https:\/\/zelglobal.com\/wp-content\/uploads\/2025\/07\/sali-pazari.png\" data-elementor-open-lightbox=\"yes\" data-elementor-lightbox-slideshow=\"582e272\" data-elementor-lightbox-title=\"sal\u0131 pazar\u0131\" data-e-action-hash=\"#elementor-action%3Aaction%3Dlightbox%26settings%3DeyJpZCI6MjgxMzYsInVybCI6Imh0dHBzOlwvXC96ZWxnbG9iYWwuY29tXC93cC1jb250ZW50XC91cGxvYWRzXC8yMDI1XC8wN1wvc2FsaS1wYXphcmkucG5nIiwic2xpZGVzaG93IjoiNTgyZTI3MiJ9\">\n\t\t\t\t\t<div class=\"e-gallery-image elementor-gallery-item__image\" data-thumbnail=\"https:\/\/zelglobal.com\/wp-content\/uploads\/2025\/07\/sali-pazari.png\" data-width=\"200\" data-height=\"200\" aria-label=\"\" role=\"img\" ><\/div>\n\t\t\t\t\t\t\t\t\t\t\t<div class=\"elementor-gallery-item__overlay\"><\/div>\n\t\t\t\t\t\t\t\t\t\t\t\t\t\t<\/a>\n\t\t\t\t\t\t\t<a class=\"e-gallery-item elementor-gallery-item elementor-animated-content\" href=\"https:\/\/zelglobal.com\/wp-content\/uploads\/2025\/07\/pasa-ciftligi.png\" data-elementor-open-lightbox=\"yes\" data-elementor-lightbox-slideshow=\"582e272\" data-elementor-lightbox-title=\"pa\u015fa \u00e7iftli\u011fi\" data-e-action-hash=\"#elementor-action%3Aaction%3Dlightbox%26settings%3DeyJpZCI6MjgxMzQsInVybCI6Imh0dHBzOlwvXC96ZWxnbG9iYWwuY29tXC93cC1jb250ZW50XC91cGxvYWRzXC8yMDI1XC8wN1wvcGFzYS1jaWZ0bGlnaS5wbmciLCJzbGlkZXNob3ciOiI1ODJlMjcyIn0%3D\">\n\t\t\t\t\t<div class=\"e-gallery-image elementor-gallery-item__image\" data-thumbnail=\"https:\/\/zelglobal.com\/wp-content\/uploads\/2025\/07\/pasa-ciftligi.png\" data-width=\"200\" data-height=\"200\" aria-label=\"\" role=\"img\" ><\/div>\n\t\t\t\t\t\t\t\t\t\t\t<div class=\"elementor-gallery-item__overlay\"><\/div>\n\t\t\t\t\t\t\t\t\t\t\t\t\t\t<\/a>\n\t\t\t\t\t\t\t<a class=\"e-gallery-item elementor-gallery-item elementor-animated-content\" href=\"https:\/\/zelglobal.com\/wp-content\/uploads\/2025\/07\/gourmet-garage.png\" data-elementor-open-lightbox=\"yes\" data-elementor-lightbox-slideshow=\"582e272\" data-elementor-lightbox-title=\"gourmet garage\" data-e-action-hash=\"#elementor-action%3Aaction%3Dlightbox%26settings%3DeyJpZCI6MjgxMjUsInVybCI6Imh0dHBzOlwvXC96ZWxnbG9iYWwuY29tXC93cC1jb250ZW50XC91cGxvYWRzXC8yMDI1XC8wN1wvZ291cm1ldC1nYXJhZ2UucG5nIiwic2xpZGVzaG93IjoiNTgyZTI3MiJ9\">\n\t\t\t\t\t<div class=\"e-gallery-image elementor-gallery-item__image\" data-thumbnail=\"https:\/\/zelglobal.com\/wp-content\/uploads\/2025\/07\/gourmet-garage.png\" data-width=\"200\" data-height=\"200\" aria-label=\"\" role=\"img\" ><\/div>\n\t\t\t\t\t\t\t\t\t\t\t<div class=\"elementor-gallery-item__overlay\"><\/div>\n\t\t\t\t\t\t\t\t\t\t\t\t\t\t<\/a>\n\t\t\t\t\t\t\t<a class=\"e-gallery-item elementor-gallery-item elementor-animated-content\" href=\"https:\/\/zelglobal.com\/wp-content\/uploads\/2025\/07\/getir.png\" data-elementor-open-lightbox=\"yes\" data-elementor-lightbox-slideshow=\"582e272\" data-elementor-lightbox-title=\"getir\" data-e-action-hash=\"#elementor-action%3Aaction%3Dlightbox%26settings%3DeyJpZCI6MjgxMjQsInVybCI6Imh0dHBzOlwvXC96ZWxnbG9iYWwuY29tXC93cC1jb250ZW50XC91cGxvYWRzXC8yMDI1XC8wN1wvZ2V0aXIucG5nIiwic2xpZGVzaG93IjoiNTgyZTI3MiJ9\">\n\t\t\t\t\t<div class=\"e-gallery-image elementor-gallery-item__image\" data-thumbnail=\"https:\/\/zelglobal.com\/wp-content\/uploads\/2025\/07\/getir.png\" data-width=\"200\" data-height=\"200\" aria-label=\"\" role=\"img\" ><\/div>\n\t\t\t\t\t\t\t\t\t\t\t<div class=\"elementor-gallery-item__overlay\"><\/div>\n\t\t\t\t\t\t\t\t\t\t\t\t\t\t<\/a>\n\t\t\t\t\t\t\t<a class=\"e-gallery-item elementor-gallery-item elementor-animated-content\" href=\"https:\/\/zelglobal.com\/wp-content\/uploads\/2025\/07\/hepsiburada.png\" data-elementor-open-lightbox=\"yes\" data-elementor-lightbox-slideshow=\"582e272\" data-elementor-lightbox-title=\"hepsiburada\" data-e-action-hash=\"#elementor-action%3Aaction%3Dlightbox%26settings%3DeyJpZCI6MjgxMjcsInVybCI6Imh0dHBzOlwvXC96ZWxnbG9iYWwuY29tXC93cC1jb250ZW50XC91cGxvYWRzXC8yMDI1XC8wN1wvaGVwc2lidXJhZGEucG5nIiwic2xpZGVzaG93IjoiNTgyZTI3MiJ9\">\n\t\t\t\t\t<div class=\"e-gallery-image elementor-gallery-item__image\" data-thumbnail=\"https:\/\/zelglobal.com\/wp-content\/uploads\/2025\/07\/hepsiburada.png\" data-width=\"200\" data-height=\"200\" aria-label=\"\" role=\"img\" ><\/div>\n\t\t\t\t\t\t\t\t\t\t\t<div class=\"elementor-gallery-item__overlay\"><\/div>\n\t\t\t\t\t\t\t\t\t\t\t\t\t\t<\/a>\n\t\t\t\t\t\t\t<a class=\"e-gallery-item elementor-gallery-item elementor-animated-content\" href=\"https:\/\/zelglobal.com\/wp-content\/uploads\/2025\/07\/trendyol.png\" data-elementor-open-lightbox=\"yes\" data-elementor-lightbox-slideshow=\"582e272\" data-elementor-lightbox-title=\"trendyol\" data-e-action-hash=\"#elementor-action%3Aaction%3Dlightbox%26settings%3DeyJpZCI6MjgxMzksInVybCI6Imh0dHBzOlwvXC96ZWxnbG9iYWwuY29tXC93cC1jb250ZW50XC91cGxvYWRzXC8yMDI1XC8wN1wvdHJlbmR5b2wucG5nIiwic2xpZGVzaG93IjoiNTgyZTI3MiJ9\">\n\t\t\t\t\t<div class=\"e-gallery-image elementor-gallery-item__image\" data-thumbnail=\"https:\/\/zelglobal.com\/wp-content\/uploads\/2025\/07\/trendyol.png\" data-width=\"200\" data-height=\"200\" aria-label=\"\" role=\"img\" ><\/div>\n\t\t\t\t\t\t\t\t\t\t\t<div class=\"elementor-gallery-item__overlay\"><\/div>\n\t\t\t\t\t\t\t\t\t\t\t\t\t\t<\/a>\n\t\t\t\t\t\t\t<a class=\"e-gallery-item elementor-gallery-item elementor-animated-content\" href=\"https:\/\/zelglobal.com\/wp-content\/uploads\/2025\/07\/yemeksepeti-banabi.png\" data-elementor-open-lightbox=\"yes\" data-elementor-lightbox-slideshow=\"582e272\" data-elementor-lightbox-title=\"yemeksepeti banabi\" data-e-action-hash=\"#elementor-action%3Aaction%3Dlightbox%26settings%3DeyJpZCI6MjgxNDAsInVybCI6Imh0dHBzOlwvXC96ZWxnbG9iYWwuY29tXC93cC1jb250ZW50XC91cGxvYWRzXC8yMDI1XC8wN1wveWVtZWtzZXBldGktYmFuYWJpLnBuZyIsInNsaWRlc2hvdyI6IjU4MmUyNzIifQ%3D%3D\">\n\t\t\t\t\t<div class=\"e-gallery-image elementor-gallery-item__image\" data-thumbnail=\"https:\/\/zelglobal.com\/wp-content\/uploads\/2025\/07\/yemeksepeti-banabi.png\" data-width=\"200\" data-height=\"200\" aria-label=\"\" role=\"img\" ><\/div>\n\t\t\t\t\t\t\t\t\t\t\t<div class=\"elementor-gallery-item__overlay\"><\/div>\n\t\t\t\t\t\t\t\t\t\t\t\t\t\t<\/a>\n\t\t\t\t\t\t\t<a class=\"e-gallery-item elementor-gallery-item elementor-animated-content\" href=\"https:\/\/zelglobal.com\/wp-content\/uploads\/2025\/07\/metro.png\" data-elementor-open-lightbox=\"yes\" data-elementor-lightbox-slideshow=\"582e272\" data-elementor-lightbox-title=\"metro\" data-e-action-hash=\"#elementor-action%3Aaction%3Dlightbox%26settings%3DeyJpZCI6MjgxMzEsInVybCI6Imh0dHBzOlwvXC96ZWxnbG9iYWwuY29tXC93cC1jb250ZW50XC91cGxvYWRzXC8yMDI1XC8wN1wvbWV0cm8ucG5nIiwic2xpZGVzaG93IjoiNTgyZTI3MiJ9\">\n\t\t\t\t\t<div class=\"e-gallery-image elementor-gallery-item__image\" data-thumbnail=\"https:\/\/zelglobal.com\/wp-content\/uploads\/2025\/07\/metro.png\" data-width=\"200\" data-height=\"200\" aria-label=\"\" role=\"img\" ><\/div>\n\t\t\t\t\t\t\t\t\t\t\t<div class=\"elementor-gallery-item__overlay\"><\/div>\n\t\t\t\t\t\t\t\t\t\t\t\t\t\t<\/a>\n\t\t\t\t\t\t\t<a class=\"e-gallery-item elementor-gallery-item elementor-animated-content\" href=\"https:\/\/zelglobal.com\/wp-content\/uploads\/2025\/07\/macro-center.png\" data-elementor-open-lightbox=\"yes\" data-elementor-lightbox-slideshow=\"582e272\" data-elementor-lightbox-title=\"macro center\" data-e-action-hash=\"#elementor-action%3Aaction%3Dlightbox%26settings%3DeyJpZCI6MjgxMzAsInVybCI6Imh0dHBzOlwvXC96ZWxnbG9iYWwuY29tXC93cC1jb250ZW50XC91cGxvYWRzXC8yMDI1XC8wN1wvbWFjcm8tY2VudGVyLnBuZyIsInNsaWRlc2hvdyI6IjU4MmUyNzIifQ%3D%3D\">\n\t\t\t\t\t<div class=\"e-gallery-image elementor-gallery-item__image\" data-thumbnail=\"https:\/\/zelglobal.com\/wp-content\/uploads\/2025\/07\/macro-center.png\" data-width=\"200\" data-height=\"200\" aria-label=\"\" role=\"img\" ><\/div>\n\t\t\t\t\t\t\t\t\t\t\t<div class=\"elementor-gallery-item__overlay\"><\/div>\n\t\t\t\t\t\t\t\t\t\t\t\t\t\t<\/a>\n\t\t\t\t\t\t\t<a class=\"e-gallery-item elementor-gallery-item elementor-animated-content\" href=\"https:\/\/zelglobal.com\/wp-content\/uploads\/2025\/07\/gurtat.png\" data-elementor-open-lightbox=\"yes\" data-elementor-lightbox-slideshow=\"582e272\" data-elementor-lightbox-title=\"g\u00fcrtat\" data-e-action-hash=\"#elementor-action%3Aaction%3Dlightbox%26settings%3DeyJpZCI6MjgxMjYsInVybCI6Imh0dHBzOlwvXC96ZWxnbG9iYWwuY29tXC93cC1jb250ZW50XC91cGxvYWRzXC8yMDI1XC8wN1wvZ3VydGF0LnBuZyIsInNsaWRlc2hvdyI6IjU4MmUyNzIifQ%3D%3D\">\n\t\t\t\t\t<div class=\"e-gallery-image elementor-gallery-item__image\" data-thumbnail=\"https:\/\/zelglobal.com\/wp-content\/uploads\/2025\/07\/gurtat.png\" data-width=\"200\" data-height=\"200\" aria-label=\"\" role=\"img\" ><\/div>\n\t\t\t\t\t\t\t\t\t\t\t<div class=\"elementor-gallery-item__overlay\"><\/div>\n\t\t\t\t\t\t\t\t\t\t\t\t\t\t<\/a>\n\t\t\t\t\t\t\t<a class=\"e-gallery-item elementor-gallery-item elementor-animated-content\" href=\"https:\/\/zelglobal.com\/wp-content\/uploads\/2025\/07\/migros.png\" data-elementor-open-lightbox=\"yes\" data-elementor-lightbox-slideshow=\"582e272\" data-elementor-lightbox-title=\"migros\" data-e-action-hash=\"#elementor-action%3Aaction%3Dlightbox%26settings%3DeyJpZCI6MjgxMzIsInVybCI6Imh0dHBzOlwvXC96ZWxnbG9iYWwuY29tXC93cC1jb250ZW50XC91cGxvYWRzXC8yMDI1XC8wN1wvbWlncm9zLnBuZyIsInNsaWRlc2hvdyI6IjU4MmUyNzIifQ%3D%3D\">\n\t\t\t\t\t<div class=\"e-gallery-image elementor-gallery-item__image\" data-thumbnail=\"https:\/\/zelglobal.com\/wp-content\/uploads\/2025\/07\/migros.png\" data-width=\"200\" data-height=\"200\" aria-label=\"\" role=\"img\" ><\/div>\n\t\t\t\t\t\t\t\t\t\t\t<div class=\"elementor-gallery-item__overlay\"><\/div>\n\t\t\t\t\t\t\t\t\t\t\t\t\t\t<\/a>\n\t\t\t\t\t\t\t<a class=\"e-gallery-item elementor-gallery-item elementor-animated-content\" href=\"https:\/\/zelglobal.com\/wp-content\/uploads\/2025\/07\/kim.png\" data-elementor-open-lightbox=\"yes\" data-elementor-lightbox-slideshow=\"582e272\" data-elementor-lightbox-title=\"kim\" data-e-action-hash=\"#elementor-action%3Aaction%3Dlightbox%26settings%3DeyJpZCI6MjgxMjgsInVybCI6Imh0dHBzOlwvXC96ZWxnbG9iYWwuY29tXC93cC1jb250ZW50XC91cGxvYWRzXC8yMDI1XC8wN1wva2ltLnBuZyIsInNsaWRlc2hvdyI6IjU4MmUyNzIifQ%3D%3D\">\n\t\t\t\t\t<div class=\"e-gallery-image elementor-gallery-item__image\" data-thumbnail=\"https:\/\/zelglobal.com\/wp-content\/uploads\/2025\/07\/kim.png\" data-width=\"200\" data-height=\"200\" aria-label=\"\" role=\"img\" ><\/div>\n\t\t\t\t\t\t\t\t\t\t\t<div class=\"elementor-gallery-item__overlay\"><\/div>\n\t\t\t\t\t\t\t\t\t\t\t\t\t\t<\/a>\n\t\t\t\t\t\t\t<a class=\"e-gallery-item elementor-gallery-item elementor-animated-content\" href=\"https:\/\/zelglobal.com\/wp-content\/uploads\/2025\/07\/kooperatif.png\" data-elementor-open-lightbox=\"yes\" data-elementor-lightbox-slideshow=\"582e272\" data-elementor-lightbox-title=\"kooperatif\" data-e-action-hash=\"#elementor-action%3Aaction%3Dlightbox%26settings%3DeyJpZCI6MjgxMjksInVybCI6Imh0dHBzOlwvXC96ZWxnbG9iYWwuY29tXC93cC1jb250ZW50XC91cGxvYWRzXC8yMDI1XC8wN1wva29vcGVyYXRpZi5wbmciLCJzbGlkZXNob3ciOiI1ODJlMjcyIn0%3D\">\n\t\t\t\t\t<div class=\"e-gallery-image elementor-gallery-item__image\" data-thumbnail=\"https:\/\/zelglobal.com\/wp-content\/uploads\/2025\/07\/kooperatif.png\" data-width=\"200\" data-height=\"200\" aria-label=\"\" role=\"img\" ><\/div>\n\t\t\t\t\t\t\t\t\t\t\t<div class=\"elementor-gallery-item__overlay\"><\/div>\n\t\t\t\t\t\t\t\t\t\t\t\t\t\t<\/a>\n\t\t\t\t\t\t\t<a class=\"e-gallery-item elementor-gallery-item elementor-animated-content\" href=\"https:\/\/zelglobal.com\/wp-content\/uploads\/2025\/07\/pehlivanoglu.png\" data-elementor-open-lightbox=\"yes\" data-elementor-lightbox-slideshow=\"582e272\" data-elementor-lightbox-title=\"pehlivano\u011flu\" data-e-action-hash=\"#elementor-action%3Aaction%3Dlightbox%26settings%3DeyJpZCI6MjgxMzUsInVybCI6Imh0dHBzOlwvXC96ZWxnbG9iYWwuY29tXC93cC1jb250ZW50XC91cGxvYWRzXC8yMDI1XC8wN1wvcGVobGl2YW5vZ2x1LnBuZyIsInNsaWRlc2hvdyI6IjU4MmUyNzIifQ%3D%3D\">\n\t\t\t\t\t<div class=\"e-gallery-image elementor-gallery-item__image\" data-thumbnail=\"https:\/\/zelglobal.com\/wp-content\/uploads\/2025\/07\/pehlivanoglu.png\" data-width=\"200\" data-height=\"200\" aria-label=\"\" role=\"img\" ><\/div>\n\t\t\t\t\t\t\t\t\t\t\t<div class=\"elementor-gallery-item__overlay\"><\/div>\n\t\t\t\t\t\t\t\t\t\t\t\t\t\t<\/a>\n\t\t\t\t\t\t\t<a class=\"e-gallery-item elementor-gallery-item elementor-animated-content\" href=\"https:\/\/zelglobal.com\/wp-content\/uploads\/2025\/07\/baris-gross.png\" data-elementor-open-lightbox=\"yes\" data-elementor-lightbox-slideshow=\"582e272\" data-elementor-lightbox-title=\"bar\u0131\u015f gross\" data-e-action-hash=\"#elementor-action%3Aaction%3Dlightbox%26settings%3DeyJpZCI6MjgxMjIsInVybCI6Imh0dHBzOlwvXC96ZWxnbG9iYWwuY29tXC93cC1jb250ZW50XC91cGxvYWRzXC8yMDI1XC8wN1wvYmFyaXMtZ3Jvc3MucG5nIiwic2xpZGVzaG93IjoiNTgyZTI3MiJ9\">\n\t\t\t\t\t<div class=\"e-gallery-image elementor-gallery-item__image\" data-thumbnail=\"https:\/\/zelglobal.com\/wp-content\/uploads\/2025\/07\/baris-gross.png\" data-width=\"200\" data-height=\"200\" aria-label=\"\" role=\"img\" ><\/div>\n\t\t\t\t\t\t\t\t\t\t\t<div class=\"elementor-gallery-item__overlay\"><\/div>\n\t\t\t\t\t\t\t\t\t\t\t\t\t\t<\/a>\n\t\t\t\t\t\t\t<a class=\"e-gallery-item elementor-gallery-item elementor-animated-content\" href=\"https:\/\/zelglobal.com\/wp-content\/uploads\/2025\/08\/logo.png\" data-elementor-open-lightbox=\"yes\" data-elementor-lightbox-slideshow=\"582e272\" data-elementor-lightbox-title=\"logo\" data-e-action-hash=\"#elementor-action%3Aaction%3Dlightbox%26settings%3DeyJpZCI6Mjg2NTcsInVybCI6Imh0dHBzOlwvXC96ZWxnbG9iYWwuY29tXC93cC1jb250ZW50XC91cGxvYWRzXC8yMDI1XC8wOFwvbG9nby5wbmciLCJzbGlkZXNob3ciOiI1ODJlMjcyIn0%3D\">\n\t\t\t\t\t<div class=\"e-gallery-image elementor-gallery-item__image\" data-thumbnail=\"https:\/\/zelglobal.com\/wp-content\/uploads\/2025\/08\/logo.png\" data-width=\"477\" data-height=\"382\" aria-label=\"\" role=\"img\" ><\/div>\n\t\t\t\t\t\t\t\t\t\t\t<div class=\"elementor-gallery-item__overlay\"><\/div>\n\t\t\t\t\t\t\t\t\t\t\t\t\t\t<\/a>\n\t\t\t\t\t<\/div>\n\t\t\t\t\t<\/div>\n\t\t\t\t<\/div>\n\t\t\t\t\t<\/div>\n\t\t\t\t<\/div>\n\t\t\t\t<\/div>\n\t\t","protected":false},"excerpt":{"rendered":"","protected":false},"author":1,"featured_media":0,"parent":0,"menu_order":0,"comment_status":"closed","ping_status":"closed","template":"elementor_header_footer","meta":{"footnotes":""},"class_list":["post-29337","page","type-page","status-publish","hentry"],"_links":{"self":[{"href":"https:\/\/zelglobal.com\/en\/wp-json\/wp\/v2\/pages\/29337","targetHints":{"allow":["GET"]}}],"collection":[{"href":"https:\/\/zelglobal.com\/en\/wp-json\/wp\/v2\/pages"}],"about":[{"href":"https:\/\/zelglobal.com\/en\/wp-json\/wp\/v2\/types\/page"}],"author":[{"embeddable":true,"href":"https:\/\/zelglobal.com\/en\/wp-json\/wp\/v2\/users\/1"}],"replies":[{"embeddable":true,"href":"https:\/\/zelglobal.com\/en\/wp-json\/wp\/v2\/comments?post=29337"}],"version-history":[{"count":2,"href":"https:\/\/zelglobal.com\/en\/wp-json\/wp\/v2\/pages\/29337\/revisions"}],"predecessor-version":[{"id":29341,"href":"https:\/\/zelglobal.com\/en\/wp-json\/wp\/v2\/pages\/29337\/revisions\/29341"}],"wp:attachment":[{"href":"https:\/\/zelglobal.com\/en\/wp-json\/wp\/v2\/media?parent=29337"}],"curies":[{"name":"wp","href":"https:\/\/api.w.org\/{rel}","templated":true}]}}