{"id":27798,"date":"2025-06-30T10:30:48","date_gmt":"2025-06-30T07:30:48","guid":{"rendered":"https:\/\/gifajans.info\/zelGlobal\/?post_type=product&#038;p=27798"},"modified":"2026-01-07T08:41:44","modified_gmt":"2026-01-07T05:41:44","slug":"kolajenli-gold-kahve-100-g","status":"publish","type":"product","link":"https:\/\/zelglobal.com\/en\/urun\/kolajenli-gold-kahve-100-g\/","title":{"rendered":"Collagen Gold Coffee 100g"},"content":{"rendered":"","protected":false},"excerpt":{"rendered":"<p>\u00c7\u00f6z\u00fcn\u00fcr gran\u00fcl kahve ile kolajen hidrolizat\u0131n\u0131n bir araya geldi\u011fi bu \u00f6zel kar\u0131\u015f\u0131m, g\u00fcne pratik ve g\u00fc\u00e7l\u00fc bir ba\u015flang\u0131\u00e7 yapmak isteyenler i\u00e7in tasarlanm\u0131\u015ft\u0131r. S\u0131cak veya so\u011fuk olarak kolayca haz\u0131rlanabilir; yo\u011fun kahve tad\u0131n\u0131 kolajen ilavesiyle birlikte sunar. \u015eeker ve tuz ilavesi olmadan, sade i\u00e7eri\u011fiyle g\u00fcnl\u00fck rutine rahat\u00e7a uyum sa\u011flar. Ofiste, evde ya da hareket halindeyken h\u0131zl\u0131 bir kahve alternatifi arayanlar i\u00e7in idealdir.<\/p>","protected":false},"featured_media":27799,"comment_status":"open","ping_status":"closed","template":"","meta":[],"product_brand":[],"product_cat":[75],"product_tag":[],"class_list":{"0":"post-27798","1":"product","2":"type-product","3":"status-publish","4":"has-post-thumbnail","6":"product_cat-icecekler","8":"first","9":"instock","10":"taxable","11":"shipping-taxable","12":"purchasable","13":"product-type-simple"},"_links":{"self":[{"href":"https:\/\/zelglobal.com\/en\/wp-json\/wp\/v2\/product\/27798","targetHints":{"allow":["GET"]}}],"collection":[{"href":"https:\/\/zelglobal.com\/en\/wp-json\/wp\/v2\/product"}],"about":[{"href":"https:\/\/zelglobal.com\/en\/wp-json\/wp\/v2\/types\/product"}],"replies":[{"embeddable":true,"href":"https:\/\/zelglobal.com\/en\/wp-json\/wp\/v2\/comments?post=27798"}],"version-history":[{"count":3,"href":"https:\/\/zelglobal.com\/en\/wp-json\/wp\/v2\/product\/27798\/revisions"}],"predecessor-version":[{"id":29969,"href":"https:\/\/zelglobal.com\/en\/wp-json\/wp\/v2\/product\/27798\/revisions\/29969"}],"wp:featuredmedia":[{"embeddable":true,"href":"https:\/\/zelglobal.com\/en\/wp-json\/wp\/v2\/media\/27799"}],"wp:attachment":[{"href":"https:\/\/zelglobal.com\/en\/wp-json\/wp\/v2\/media?parent=27798"}],"wp:term":[{"taxonomy":"product_brand","embeddable":true,"href":"https:\/\/zelglobal.com\/en\/wp-json\/wp\/v2\/product_brand?post=27798"},{"taxonomy":"product_cat","embeddable":true,"href":"https:\/\/zelglobal.com\/en\/wp-json\/wp\/v2\/product_cat?post=27798"},{"taxonomy":"product_tag","embeddable":true,"href":"https:\/\/zelglobal.com\/en\/wp-json\/wp\/v2\/product_tag?post=27798"}],"curies":[{"name":"wp","href":"https:\/\/api.w.org\/{rel}","templated":true}]}}