{"id":27801,"date":"2025-06-30T10:34:36","date_gmt":"2025-06-30T07:34:36","guid":{"rendered":"https:\/\/gifajans.info\/zelGlobal\/?post_type=product&#038;p=27801"},"modified":"2026-04-16T10:19:55","modified_gmt":"2026-04-16T07:19:55","slug":"tavuk-suyu-480-ml","status":"publish","type":"product","link":"https:\/\/zelglobal.com\/en\/urun\/tavuk-suyu-480-ml\/","title":{"rendered":"Chicken Broth (8 x 480ml)"},"content":{"rendered":"<p>\u00dcr\u00fcn\u00fcm\u00fcz 8&#8217;li kavanoz olarak sat\u0131lmaktad\u0131r.<\/p>","protected":false},"excerpt":{"rendered":"<p>Tavuk suyu, havu\u00e7, so\u011fan ve defne yapra\u011f\u0131yla haz\u0131rlanm\u0131\u015f bu sade tarif; berrak yap\u0131s\u0131 ve do\u011fal aromas\u0131yla mutfakta \u00e7ok y\u00f6nl\u00fc bir kullan\u0131m sunar. Hafif i\u00e7imi sayesinde tek ba\u015f\u0131na s\u0131cak olarak t\u00fcketilebilir ya da \u00e7orba, pilav ve yemek tariflerinde lezzetli bir baz olarak tercih edilebilir. D\u00fc\u015f\u00fck kalorili yap\u0131s\u0131yla g\u00fcn\u00fcn her an\u0131nda pratik ve dengeli bir se\u00e7enek sunar. Yerli \u00fcretimdir, hijyenik ko\u015fullarda haz\u0131rlanm\u0131\u015ft\u0131r.<\/p>","protected":false},"featured_media":27802,"comment_status":"open","ping_status":"closed","template":"","meta":[],"product_brand":[],"product_cat":[105,73],"product_tag":[],"class_list":{"0":"post-27801","1":"product","2":"type-product","3":"status-publish","4":"has-post-thumbnail","6":"product_cat-kavanozlar","7":"product_cat-tavuk-suyu","9":"first","10":"instock","11":"taxable","12":"shipping-taxable","13":"purchasable","14":"product-type-simple"},"_links":{"self":[{"href":"https:\/\/zelglobal.com\/en\/wp-json\/wp\/v2\/product\/27801","targetHints":{"allow":["GET"]}}],"collection":[{"href":"https:\/\/zelglobal.com\/en\/wp-json\/wp\/v2\/product"}],"about":[{"href":"https:\/\/zelglobal.com\/en\/wp-json\/wp\/v2\/types\/product"}],"replies":[{"embeddable":true,"href":"https:\/\/zelglobal.com\/en\/wp-json\/wp\/v2\/comments?post=27801"}],"version-history":[{"count":4,"href":"https:\/\/zelglobal.com\/en\/wp-json\/wp\/v2\/product\/27801\/revisions"}],"predecessor-version":[{"id":29964,"href":"https:\/\/zelglobal.com\/en\/wp-json\/wp\/v2\/product\/27801\/revisions\/29964"}],"wp:featuredmedia":[{"embeddable":true,"href":"https:\/\/zelglobal.com\/en\/wp-json\/wp\/v2\/media\/27802"}],"wp:attachment":[{"href":"https:\/\/zelglobal.com\/en\/wp-json\/wp\/v2\/media?parent=27801"}],"wp:term":[{"taxonomy":"product_brand","embeddable":true,"href":"https:\/\/zelglobal.com\/en\/wp-json\/wp\/v2\/product_brand?post=27801"},{"taxonomy":"product_cat","embeddable":true,"href":"https:\/\/zelglobal.com\/en\/wp-json\/wp\/v2\/product_cat?post=27801"},{"taxonomy":"product_tag","embeddable":true,"href":"https:\/\/zelglobal.com\/en\/wp-json\/wp\/v2\/product_tag?post=27801"}],"curies":[{"name":"wp","href":"https:\/\/api.w.org\/{rel}","templated":true}]}}