{"id":27804,"date":"2025-06-30T10:40:47","date_gmt":"2025-06-30T07:40:47","guid":{"rendered":"https:\/\/gifajans.info\/zelGlobal\/?post_type=product&#038;p=27804"},"modified":"2026-01-02T09:43:54","modified_gmt":"2026-01-02T06:43:54","slug":"tavuk-suyu-corbasi-480-ml","status":"publish","type":"product","link":"https:\/\/zelglobal.com\/en\/urun\/tavuk-suyu-corbasi-480-ml\/","title":{"rendered":"Chicken Broth Soup 480 ml (8 x 480 ml)"},"content":{"rendered":"<p>\u00dcr\u00fcn\u00fcm\u00fcz 8&#8217;li koliler halinde sat\u0131lmaktad\u0131r.<\/p>\n<ul>\n<li id=\"liTabOzellikler\" class=\"TabOzellikler active\">TAVUK SUYU, HAVU\u00c7, KURU SO\u011eAN, DEFNE YAPRA\u011eI, TANE BEYAZ B\u0130BER, TUZ<\/li>\n<\/ul>","protected":false},"excerpt":{"rendered":"<p>Zel Tavuk Suyu \u00c7orbas\u0131, yumu\u015fak k\u0131vam\u0131 ve dengeli terbiyesiyle ev mutfa\u011f\u0131n\u0131 hat\u0131rlatan bir lezzet sunar. Limon suyu, sar\u0131msak ve karabiberle tamamlanan aromas\u0131yla i\u00e7imi rahat, doyurucu bir \u00e7orbad\u0131r. Is\u0131t\u0131ld\u0131ktan sonra iste\u011fe g\u00f6re ekstra limon veya karabiber eklenerek servis edilebilir. G\u00fcn\u00fcn her saatinde hafif ama tatmin edici bir \u00f6\u011f\u00fcn ya da ana yemek \u00f6ncesi s\u0131cak bir ba\u015flang\u0131\u00e7 olarak ideal bir tercihtir. Yerli \u00fcretimdir, hijyenik ko\u015fullarda haz\u0131rlanm\u0131\u015ft\u0131r.<\/p>","protected":false},"featured_media":27805,"comment_status":"open","ping_status":"closed","template":"","meta":[],"product_brand":[],"product_cat":[105,73],"product_tag":[],"class_list":{"0":"post-27804","1":"product","2":"type-product","3":"status-publish","4":"has-post-thumbnail","6":"product_cat-kavanozlar","7":"product_cat-tavuk-suyu","9":"first","10":"instock","11":"taxable","12":"shipping-taxable","13":"purchasable","14":"product-type-simple"},"_links":{"self":[{"href":"https:\/\/zelglobal.com\/en\/wp-json\/wp\/v2\/product\/27804","targetHints":{"allow":["GET"]}}],"collection":[{"href":"https:\/\/zelglobal.com\/en\/wp-json\/wp\/v2\/product"}],"about":[{"href":"https:\/\/zelglobal.com\/en\/wp-json\/wp\/v2\/types\/product"}],"replies":[{"embeddable":true,"href":"https:\/\/zelglobal.com\/en\/wp-json\/wp\/v2\/comments?post=27804"}],"version-history":[{"count":15,"href":"https:\/\/zelglobal.com\/en\/wp-json\/wp\/v2\/product\/27804\/revisions"}],"predecessor-version":[{"id":29959,"href":"https:\/\/zelglobal.com\/en\/wp-json\/wp\/v2\/product\/27804\/revisions\/29959"}],"wp:featuredmedia":[{"embeddable":true,"href":"https:\/\/zelglobal.com\/en\/wp-json\/wp\/v2\/media\/27805"}],"wp:attachment":[{"href":"https:\/\/zelglobal.com\/en\/wp-json\/wp\/v2\/media?parent=27804"}],"wp:term":[{"taxonomy":"product_brand","embeddable":true,"href":"https:\/\/zelglobal.com\/en\/wp-json\/wp\/v2\/product_brand?post=27804"},{"taxonomy":"product_cat","embeddable":true,"href":"https:\/\/zelglobal.com\/en\/wp-json\/wp\/v2\/product_cat?post=27804"},{"taxonomy":"product_tag","embeddable":true,"href":"https:\/\/zelglobal.com\/en\/wp-json\/wp\/v2\/product_tag?post=27804"}],"curies":[{"name":"wp","href":"https:\/\/api.w.org\/{rel}","templated":true}]}}