{"id":27819,"date":"2025-06-30T11:33:07","date_gmt":"2025-06-30T08:33:07","guid":{"rendered":"https:\/\/gifajans.info\/zelGlobal\/?post_type=product&#038;p=27819"},"modified":"2026-04-16T10:18:46","modified_gmt":"2026-04-16T07:18:46","slug":"kolajen-takviyeli-premium-ilikli-kemik-suyu","status":"publish","type":"product","link":"https:\/\/zelglobal.com\/en\/urun\/kolajen-takviyeli-premium-ilikli-kemik-suyu\/","title":{"rendered":"Collagen-Enriched Premium Bone Broth (8 x 480ml)"},"content":{"rendered":"<p>\u00dcr\u00fcn\u00fcm\u00fcz 8&#8217;li koliler halinde sat\u0131lmaktad\u0131r.<br \/>\n\u0130L\u0130KL\u0130 DANA KAVAL KEM\u0130K SUYU, \u0130L\u0130K YA\u011eI, HAVU\u00c7, KURU SO\u011eAN, DEFNE YAPRA\u011eI, TANE BEYAZ B\u0130BER, TUZ<\/p>","protected":false},"excerpt":{"rendered":"<p>Uzun s\u00fcre kaynat\u0131larak elde edilen ilikli dana kemik suyu, kolajen hidrolizat\u0131 ilavesiyle zenginle\u015ftirilmi\u015f sade ve yo\u011fun bir lezzet sunar. Ya\u011f, karbonhidrat ve \u015feker i\u00e7ermeyen yap\u0131s\u0131yla hafif bir t\u00fcketim alternatifi olarak \u00f6ne \u00e7\u0131kar. Tek ba\u015f\u0131na i\u00e7ilebilir ya da \u00e7orba ve yemek tariflerinde do\u011fal bir baz olarak kullan\u0131labilir. 480 ml cam kavanoz ambalaj\u0131 sayesinde pratik kullan\u0131m sa\u011flar. Yerli \u00fcretimdir, hijyenik ko\u015fullarda haz\u0131rlanm\u0131\u015ft\u0131r.<\/p>","protected":false},"featured_media":27820,"comment_status":"open","ping_status":"closed","template":"","meta":[],"product_brand":[],"product_cat":[72,105],"product_tag":[],"class_list":{"0":"post-27819","1":"product","2":"type-product","3":"status-publish","4":"has-post-thumbnail","6":"product_cat-ilikli-kemik-sulari","7":"product_cat-kavanozlar","9":"first","10":"instock","11":"taxable","12":"shipping-taxable","13":"purchasable","14":"product-type-simple"},"_links":{"self":[{"href":"https:\/\/zelglobal.com\/en\/wp-json\/wp\/v2\/product\/27819","targetHints":{"allow":["GET"]}}],"collection":[{"href":"https:\/\/zelglobal.com\/en\/wp-json\/wp\/v2\/product"}],"about":[{"href":"https:\/\/zelglobal.com\/en\/wp-json\/wp\/v2\/types\/product"}],"replies":[{"embeddable":true,"href":"https:\/\/zelglobal.com\/en\/wp-json\/wp\/v2\/comments?post=27819"}],"version-history":[{"count":5,"href":"https:\/\/zelglobal.com\/en\/wp-json\/wp\/v2\/product\/27819\/revisions"}],"predecessor-version":[{"id":29744,"href":"https:\/\/zelglobal.com\/en\/wp-json\/wp\/v2\/product\/27819\/revisions\/29744"}],"wp:featuredmedia":[{"embeddable":true,"href":"https:\/\/zelglobal.com\/en\/wp-json\/wp\/v2\/media\/27820"}],"wp:attachment":[{"href":"https:\/\/zelglobal.com\/en\/wp-json\/wp\/v2\/media?parent=27819"}],"wp:term":[{"taxonomy":"product_brand","embeddable":true,"href":"https:\/\/zelglobal.com\/en\/wp-json\/wp\/v2\/product_brand?post=27819"},{"taxonomy":"product_cat","embeddable":true,"href":"https:\/\/zelglobal.com\/en\/wp-json\/wp\/v2\/product_cat?post=27819"},{"taxonomy":"product_tag","embeddable":true,"href":"https:\/\/zelglobal.com\/en\/wp-json\/wp\/v2\/product_tag?post=27819"}],"curies":[{"name":"wp","href":"https:\/\/api.w.org\/{rel}","templated":true}]}}