{"id":27825,"date":"2025-06-30T11:45:03","date_gmt":"2025-06-30T08:45:03","guid":{"rendered":"https:\/\/gifajans.info\/zelGlobal\/?post_type=product&#038;p=27825"},"modified":"2025-12-22T13:07:41","modified_gmt":"2025-12-22T10:07:41","slug":"kremali-mantar-corbasi-480-ml","status":"publish","type":"product","link":"https:\/\/zelglobal.com\/en\/urun\/kremali-mantar-corbasi-480-ml\/","title":{"rendered":"Creamy Mushroom Soup (8 x 480ml)"},"content":{"rendered":"<p>\u00dcr\u00fcn\u00fcm\u00fcz 8&#8217;li olup koli halinde sat\u0131lmaktad\u0131r.<br \/>\n\u0130L\u0130KL\u0130 DANA KAVAL KEM\u0130K SUYU, K\u00dcLT\u00dcR MANTARI, BU\u011eDAY UNU, S\u00dcT KREMASI, AY\u00c7\u0130\u00c7EK YA\u011eI, L\u0130MON SUYU, YUMURTA, BAHARAT KARI\u015eIMI, TUZ<\/p>","protected":false},"excerpt":{"rendered":"<table style=\"border-collapse: collapse; width: 100%; font-family: Arial, sans-serif;\" border=\"1\" cellspacing=\"0\" cellpadding=\"8\">\n<tbody>\n<tr>\n<td>Enerji<\/td>\n<td>34.6<\/td>\n<\/tr>\n<tr>\n<td>Ya\u011f<\/td>\n<td>2.2<\/td>\n<\/tr>\n<tr>\n<td>Protein<\/td>\n<td>1.1<\/td>\n<\/tr>\n<tr>\n<td>karbonhidrat<\/td>\n<td>2.7<\/td>\n<\/tr>\n<\/tbody>\n<\/table>","protected":false},"featured_media":27826,"comment_status":"open","ping_status":"closed","template":"","meta":[],"product_brand":[],"product_cat":[74,105],"product_tag":[],"class_list":{"0":"post-27825","1":"product","2":"type-product","3":"status-publish","4":"has-post-thumbnail","6":"product_cat-corbalar","7":"product_cat-kavanozlar","9":"first","10":"outofstock","11":"taxable","12":"shipping-taxable","13":"purchasable","14":"product-type-simple"},"_links":{"self":[{"href":"https:\/\/zelglobal.com\/en\/wp-json\/wp\/v2\/product\/27825","targetHints":{"allow":["GET"]}}],"collection":[{"href":"https:\/\/zelglobal.com\/en\/wp-json\/wp\/v2\/product"}],"about":[{"href":"https:\/\/zelglobal.com\/en\/wp-json\/wp\/v2\/types\/product"}],"replies":[{"embeddable":true,"href":"https:\/\/zelglobal.com\/en\/wp-json\/wp\/v2\/comments?post=27825"}],"version-history":[{"count":5,"href":"https:\/\/zelglobal.com\/en\/wp-json\/wp\/v2\/product\/27825\/revisions"}],"predecessor-version":[{"id":29740,"href":"https:\/\/zelglobal.com\/en\/wp-json\/wp\/v2\/product\/27825\/revisions\/29740"}],"wp:featuredmedia":[{"embeddable":true,"href":"https:\/\/zelglobal.com\/en\/wp-json\/wp\/v2\/media\/27826"}],"wp:attachment":[{"href":"https:\/\/zelglobal.com\/en\/wp-json\/wp\/v2\/media?parent=27825"}],"wp:term":[{"taxonomy":"product_brand","embeddable":true,"href":"https:\/\/zelglobal.com\/en\/wp-json\/wp\/v2\/product_brand?post=27825"},{"taxonomy":"product_cat","embeddable":true,"href":"https:\/\/zelglobal.com\/en\/wp-json\/wp\/v2\/product_cat?post=27825"},{"taxonomy":"product_tag","embeddable":true,"href":"https:\/\/zelglobal.com\/en\/wp-json\/wp\/v2\/product_tag?post=27825"}],"curies":[{"name":"wp","href":"https:\/\/api.w.org\/{rel}","templated":true}]}}