{"id":27828,"date":"2025-06-30T11:54:51","date_gmt":"2025-06-30T08:54:51","guid":{"rendered":"https:\/\/gifajans.info\/zelGlobal\/?post_type=product&#038;p=27828"},"modified":"2026-05-08T16:35:58","modified_gmt":"2026-05-08T13:35:58","slug":"kolajen-iksir-stevia-ozlu","status":"publish","type":"product","link":"https:\/\/zelglobal.com\/en\/urun\/kolajen-iksir-stevia-ozlu\/","title":{"rendered":"Collagen Elixir with Stevia Extract (12 x 250ml)"},"content":{"rendered":"<p>\u00dcr\u00fcn\u00fcm\u00fcz 12&#8217;li koliler halinde sat\u0131lmaktad\u0131r.<\/p>","protected":false},"excerpt":{"rendered":"<p>\u0130likli kemik suyu bazl\u0131 bu kolajenli i\u00e7ecek, limon suyu ve do\u011fal bitki aromalar\u0131yla ferah bir i\u00e7im sunar. Kolajen hidrolizat ilavesiyle zenginle\u015ftirilen form\u00fcl\u00fc, d\u00fc\u015f\u00fck ya\u011f ve d\u00fc\u015f\u00fck \u015feker i\u00e7eri\u011fiyle hafif bir t\u00fcketim alternatifi olarak \u00f6ne \u00e7\u0131kar. So\u011fuk veya oda s\u0131cakl\u0131\u011f\u0131nda tek ba\u015f\u0131na i\u00e7ilebilir; g\u00fcn i\u00e7inde pratik bir i\u00e7ecek arayanlar i\u00e7in uygundur. Yerli \u00fcretimdir, hijyenik ko\u015fullarda haz\u0131rlanm\u0131\u015ft\u0131r.<\/p>","protected":false},"featured_media":27829,"comment_status":"open","ping_status":"closed","template":"","meta":[],"product_brand":[],"product_cat":[75,105],"product_tag":[],"class_list":{"0":"post-27828","1":"product","2":"type-product","3":"status-publish","4":"has-post-thumbnail","6":"product_cat-icecekler","7":"product_cat-kavanozlar","9":"first","10":"instock","11":"taxable","12":"shipping-taxable","13":"purchasable","14":"product-type-simple"},"_links":{"self":[{"href":"https:\/\/zelglobal.com\/en\/wp-json\/wp\/v2\/product\/27828","targetHints":{"allow":["GET"]}}],"collection":[{"href":"https:\/\/zelglobal.com\/en\/wp-json\/wp\/v2\/product"}],"about":[{"href":"https:\/\/zelglobal.com\/en\/wp-json\/wp\/v2\/types\/product"}],"replies":[{"embeddable":true,"href":"https:\/\/zelglobal.com\/en\/wp-json\/wp\/v2\/comments?post=27828"}],"version-history":[{"count":6,"href":"https:\/\/zelglobal.com\/en\/wp-json\/wp\/v2\/product\/27828\/revisions"}],"predecessor-version":[{"id":30641,"href":"https:\/\/zelglobal.com\/en\/wp-json\/wp\/v2\/product\/27828\/revisions\/30641"}],"wp:featuredmedia":[{"embeddable":true,"href":"https:\/\/zelglobal.com\/en\/wp-json\/wp\/v2\/media\/27829"}],"wp:attachment":[{"href":"https:\/\/zelglobal.com\/en\/wp-json\/wp\/v2\/media?parent=27828"}],"wp:term":[{"taxonomy":"product_brand","embeddable":true,"href":"https:\/\/zelglobal.com\/en\/wp-json\/wp\/v2\/product_brand?post=27828"},{"taxonomy":"product_cat","embeddable":true,"href":"https:\/\/zelglobal.com\/en\/wp-json\/wp\/v2\/product_cat?post=27828"},{"taxonomy":"product_tag","embeddable":true,"href":"https:\/\/zelglobal.com\/en\/wp-json\/wp\/v2\/product_tag?post=27828"}],"curies":[{"name":"wp","href":"https:\/\/api.w.org\/{rel}","templated":true}]}}