{"id":27837,"date":"2025-06-30T13:09:35","date_gmt":"2025-06-30T10:09:35","guid":{"rendered":"https:\/\/gifajans.info\/zelGlobal\/?post_type=product&#038;p=27837"},"modified":"2026-03-10T08:42:47","modified_gmt":"2026-03-10T05:42:47","slug":"kolajenli-anadolu-corbasi-480-ml","status":"publish","type":"product","link":"https:\/\/zelglobal.com\/en\/urun\/kolajenli-anadolu-corbasi-480-ml\/","title":{"rendered":"Collagen-Enriched Anatolian Soup (8 x 480ml)"},"content":{"rendered":"<p>\u00dcr\u00fcn\u00fcm\u00fcz 8&#8217;li koli halinde sat\u0131lmaktad\u0131r.<\/p>","protected":false},"excerpt":{"rendered":"<p>Geleneksel Anadolu \u00e7orbas\u0131ndan ilham al\u0131narak haz\u0131rlanan Kolajen \u0130lavel\u0131 Anadolu \u00c7orbas\u0131, doyurucu yap\u0131s\u0131 ve dengeli lezzetiyle pratik bir \u00f6\u011f\u00fcn alternatifi sunar. Katk\u0131 ve koruyucu madde i\u00e7ermez. Is\u0131t\u0131larak kolayca t\u00fcketilebilir; ekmek veya limonla servis edildi\u011finde lezzeti daha da belirginle\u015fir. G\u00fcnl\u00fck tempoda h\u0131zl\u0131 ama tan\u0131d\u0131k bir \u00e7orba arayanlar i\u00e7in ideal bir se\u00e7enektir. Yerli \u00fcretimdir, hijyenik ko\u015fullarda haz\u0131rlanm\u0131\u015ft\u0131r.<\/p>","protected":false},"featured_media":27838,"comment_status":"open","ping_status":"closed","template":"","meta":[],"product_brand":[],"product_cat":[74,105],"product_tag":[],"class_list":{"0":"post-27837","1":"product","2":"type-product","3":"status-publish","4":"has-post-thumbnail","6":"product_cat-corbalar","7":"product_cat-kavanozlar","9":"first","10":"instock","11":"taxable","12":"shipping-taxable","13":"purchasable","14":"product-type-simple"},"_links":{"self":[{"href":"https:\/\/zelglobal.com\/en\/wp-json\/wp\/v2\/product\/27837","targetHints":{"allow":["GET"]}}],"collection":[{"href":"https:\/\/zelglobal.com\/en\/wp-json\/wp\/v2\/product"}],"about":[{"href":"https:\/\/zelglobal.com\/en\/wp-json\/wp\/v2\/types\/product"}],"replies":[{"embeddable":true,"href":"https:\/\/zelglobal.com\/en\/wp-json\/wp\/v2\/comments?post=27837"}],"version-history":[{"count":5,"href":"https:\/\/zelglobal.com\/en\/wp-json\/wp\/v2\/product\/27837\/revisions"}],"predecessor-version":[{"id":29936,"href":"https:\/\/zelglobal.com\/en\/wp-json\/wp\/v2\/product\/27837\/revisions\/29936"}],"wp:featuredmedia":[{"embeddable":true,"href":"https:\/\/zelglobal.com\/en\/wp-json\/wp\/v2\/media\/27838"}],"wp:attachment":[{"href":"https:\/\/zelglobal.com\/en\/wp-json\/wp\/v2\/media?parent=27837"}],"wp:term":[{"taxonomy":"product_brand","embeddable":true,"href":"https:\/\/zelglobal.com\/en\/wp-json\/wp\/v2\/product_brand?post=27837"},{"taxonomy":"product_cat","embeddable":true,"href":"https:\/\/zelglobal.com\/en\/wp-json\/wp\/v2\/product_cat?post=27837"},{"taxonomy":"product_tag","embeddable":true,"href":"https:\/\/zelglobal.com\/en\/wp-json\/wp\/v2\/product_tag?post=27837"}],"curies":[{"name":"wp","href":"https:\/\/api.w.org\/{rel}","templated":true}]}}