{"id":27840,"date":"2025-06-30T13:11:02","date_gmt":"2025-06-30T10:11:02","guid":{"rendered":"https:\/\/gifajans.info\/zelGlobal\/?post_type=product&#038;p=27840"},"modified":"2026-03-10T08:44:24","modified_gmt":"2026-03-10T05:44:24","slug":"zerdecalli-mercimek-corbasi-480-ml","status":"publish","type":"product","link":"https:\/\/zelglobal.com\/en\/urun\/zerdecalli-mercimek-corbasi-480-ml\/","title":{"rendered":"Turmeric Lentil Soup (8 x 480ml)"},"content":{"rendered":"<p>\u00dcr\u00fcn\u00fcm\u00fcz 8&#8217;li koli halinde sat\u0131lmaktad\u0131r.<\/p>","protected":false},"excerpt":{"rendered":"<p>Zerde\u00e7al ile zenginle\u015ftirilmi\u015f mercimekten haz\u0131rlanan bu kavanoz \u00e7orba, dengeli aromas\u0131 ve doyurucu yap\u0131s\u0131yla pratik bir \u00f6\u011f\u00fcn alternatifi sunar. Katk\u0131 ve koruyucu madde i\u00e7ermez. Is\u0131t\u0131larak tek ba\u015f\u0131na t\u00fcketilebilece\u011fi gibi ekmek veya krutonla birlikte servis edilebilir. Kavanoz ambalaj\u0131 sayesinde kolay kullan\u0131m sa\u011flar. Yerli \u00fcretimdir, hijyenik ko\u015fullarda haz\u0131rlanm\u0131\u015ft\u0131r.<\/p>","protected":false},"featured_media":27841,"comment_status":"open","ping_status":"closed","template":"","meta":[],"product_brand":[],"product_cat":[74,105],"product_tag":[],"class_list":{"0":"post-27840","1":"product","2":"type-product","3":"status-publish","4":"has-post-thumbnail","6":"product_cat-corbalar","7":"product_cat-kavanozlar","9":"first","10":"instock","11":"taxable","12":"shipping-taxable","13":"purchasable","14":"product-type-simple"},"_links":{"self":[{"href":"https:\/\/zelglobal.com\/en\/wp-json\/wp\/v2\/product\/27840","targetHints":{"allow":["GET"]}}],"collection":[{"href":"https:\/\/zelglobal.com\/en\/wp-json\/wp\/v2\/product"}],"about":[{"href":"https:\/\/zelglobal.com\/en\/wp-json\/wp\/v2\/types\/product"}],"replies":[{"embeddable":true,"href":"https:\/\/zelglobal.com\/en\/wp-json\/wp\/v2\/comments?post=27840"}],"version-history":[{"count":4,"href":"https:\/\/zelglobal.com\/en\/wp-json\/wp\/v2\/product\/27840\/revisions"}],"predecessor-version":[{"id":29933,"href":"https:\/\/zelglobal.com\/en\/wp-json\/wp\/v2\/product\/27840\/revisions\/29933"}],"wp:featuredmedia":[{"embeddable":true,"href":"https:\/\/zelglobal.com\/en\/wp-json\/wp\/v2\/media\/27841"}],"wp:attachment":[{"href":"https:\/\/zelglobal.com\/en\/wp-json\/wp\/v2\/media?parent=27840"}],"wp:term":[{"taxonomy":"product_brand","embeddable":true,"href":"https:\/\/zelglobal.com\/en\/wp-json\/wp\/v2\/product_brand?post=27840"},{"taxonomy":"product_cat","embeddable":true,"href":"https:\/\/zelglobal.com\/en\/wp-json\/wp\/v2\/product_cat?post=27840"},{"taxonomy":"product_tag","embeddable":true,"href":"https:\/\/zelglobal.com\/en\/wp-json\/wp\/v2\/product_tag?post=27840"}],"curies":[{"name":"wp","href":"https:\/\/api.w.org\/{rel}","templated":true}]}}