{"id":27849,"date":"2025-06-30T13:25:08","date_gmt":"2025-06-30T10:25:08","guid":{"rendered":"https:\/\/gifajans.info\/zelGlobal\/?post_type=product&#038;p=27849"},"modified":"2025-12-31T15:35:51","modified_gmt":"2025-12-31T12:35:51","slug":"zel-haslanmis-tavuk-konservesi","status":"publish","type":"product","link":"https:\/\/zelglobal.com\/en\/urun\/zel-haslanmis-tavuk-konservesi\/","title":{"rendered":"ZEL Canned Boiled Chicken"},"content":{"rendered":"<ul data-sourcepos=\"32:1-37:0\">\n<li data-sourcepos=\"32:1-32:66\">Y\u00fcksek protein i\u00e7eri\u011fiyle \u00f6ne \u00e7\u0131kan bu tavuk konserve, dengeli yap\u0131s\u0131 sayesinde pratik ve doyurucu bir \u00f6\u011f\u00fcn alternatifi sunar. D\u00fc\u015f\u00fck ya\u011f oran\u0131yla hafif bir t\u00fcketim sa\u011flar. Koruyucu ve katk\u0131 maddesi i\u00e7ermeyen form\u00fcl\u00fcyle g\u00fcvenle tercih edilebilir. Pratik kullan\u0131m\u0131 sayesinde acil durumlarda veya h\u0131zl\u0131 \u00f6\u011f\u00fcn ihtiya\u00e7lar\u0131nda ideal bir \u00e7\u00f6z\u00fcmd\u00fcr. Salatalarda, sandvi\u00e7lerde ya da do\u011frudan t\u00fcketilerek kolayca lezzetli bir \u00f6\u011f\u00fcn haz\u0131rlanabilir.<\/li>\n<\/ul>","protected":false},"excerpt":{"rendered":"<p>Y\u00fcksek protein i\u00e7eri\u011fiyle \u00f6ne \u00e7\u0131kan bu tavuk konserve, dengeli yap\u0131s\u0131 sayesinde pratik ve doyurucu bir \u00f6\u011f\u00fcn alternatifi sunar. D\u00fc\u015f\u00fck ya\u011f oran\u0131yla hafif bir t\u00fcketim sa\u011flar. Koruyucu ve katk\u0131 maddesi i\u00e7ermeyen form\u00fcl\u00fcyle g\u00fcvenle tercih edilebilir. Pratik kullan\u0131m\u0131 sayesinde acil durumlarda veya h\u0131zl\u0131 \u00f6\u011f\u00fcn ihtiya\u00e7lar\u0131nda ideal bir \u00e7\u00f6z\u00fcmd\u00fcr. Salatalarda, sandvi\u00e7lerde ya da do\u011frudan t\u00fcketilerek kolayca lezzetli bir \u00f6\u011f\u00fcn haz\u0131rlanabilir.<\/p>","protected":false},"featured_media":27851,"comment_status":"open","ping_status":"closed","template":"","meta":[],"product_brand":[],"product_cat":[144],"product_tag":[],"class_list":{"0":"post-27849","1":"product","2":"type-product","3":"status-publish","4":"has-post-thumbnail","6":"product_cat-konserve","8":"first","9":"instock","10":"taxable","11":"shipping-taxable","12":"purchasable","13":"product-type-simple"},"_links":{"self":[{"href":"https:\/\/zelglobal.com\/en\/wp-json\/wp\/v2\/product\/27849","targetHints":{"allow":["GET"]}}],"collection":[{"href":"https:\/\/zelglobal.com\/en\/wp-json\/wp\/v2\/product"}],"about":[{"href":"https:\/\/zelglobal.com\/en\/wp-json\/wp\/v2\/types\/product"}],"replies":[{"embeddable":true,"href":"https:\/\/zelglobal.com\/en\/wp-json\/wp\/v2\/comments?post=27849"}],"version-history":[{"count":3,"href":"https:\/\/zelglobal.com\/en\/wp-json\/wp\/v2\/product\/27849\/revisions"}],"predecessor-version":[{"id":29927,"href":"https:\/\/zelglobal.com\/en\/wp-json\/wp\/v2\/product\/27849\/revisions\/29927"}],"wp:featuredmedia":[{"embeddable":true,"href":"https:\/\/zelglobal.com\/en\/wp-json\/wp\/v2\/media\/27851"}],"wp:attachment":[{"href":"https:\/\/zelglobal.com\/en\/wp-json\/wp\/v2\/media?parent=27849"}],"wp:term":[{"taxonomy":"product_brand","embeddable":true,"href":"https:\/\/zelglobal.com\/en\/wp-json\/wp\/v2\/product_brand?post=27849"},{"taxonomy":"product_cat","embeddable":true,"href":"https:\/\/zelglobal.com\/en\/wp-json\/wp\/v2\/product_cat?post=27849"},{"taxonomy":"product_tag","embeddable":true,"href":"https:\/\/zelglobal.com\/en\/wp-json\/wp\/v2\/product_tag?post=27849"}],"curies":[{"name":"wp","href":"https:\/\/api.w.org\/{rel}","templated":true}]}}