{"id":27856,"date":"2025-06-30T13:30:55","date_gmt":"2025-06-30T10:30:55","guid":{"rendered":"https:\/\/gifajans.info\/zelGlobal\/?post_type=product&#038;p=27856"},"modified":"2026-04-16T10:20:40","modified_gmt":"2026-04-16T07:20:40","slug":"ilikli-kemik-suyu-480-ml","status":"publish","type":"product","link":"https:\/\/zelglobal.com\/en\/urun\/ilikli-kemik-suyu-480-ml\/","title":{"rendered":"Bone Broth (6 x 480ml)"},"content":{"rendered":"<p>Uzun s\u00fcre kaynat\u0131larak haz\u0131rlanan \u0130likli Dana Kemik Suyu, yo\u011fun aromas\u0131 ve do\u011fal yap\u0131s\u0131yla mutfakta \u00e7ok y\u00f6nl\u00fc bir kullan\u0131m sunar. Katk\u0131 ve koruyucu madde i\u00e7ermez. Do\u011fal kolajen ve mineral kayna\u011f\u0131 olan bu \u00fcr\u00fcn, tek ba\u015f\u0131na i\u00e7ilebilir ya da \u00e7orba, pilav ve yemek tariflerinde lezzet art\u0131r\u0131c\u0131 olarak tercih edilebilir. 480 ml pratik cam kavanoz ambalaj\u0131 sayesinde kolay kullan\u0131m sa\u011flar. Yerli \u00fcretimdir, hijyenik ko\u015fullarda haz\u0131rlanm\u0131\u015ft\u0131r.<\/p>","protected":false},"excerpt":{"rendered":"<p>Uzun s\u00fcre kaynat\u0131larak haz\u0131rlanan \u0130likli Dana Kemik Suyu, yo\u011fun aromas\u0131 ve do\u011fal yap\u0131s\u0131yla mutfakta \u00e7ok y\u00f6nl\u00fc bir kullan\u0131m sunar. Katk\u0131 ve koruyucu madde i\u00e7ermez. Do\u011fal kolajen ve mineral kayna\u011f\u0131 olan bu \u00fcr\u00fcn, tek ba\u015f\u0131na i\u00e7ilebilir ya da \u00e7orba, pilav ve yemek tariflerinde lezzet art\u0131r\u0131c\u0131 olarak tercih edilebilir. 480 ml pratik cam kavanoz ambalaj\u0131 sayesinde kolay kullan\u0131m sa\u011flar. Yerli \u00fcretimdir, hijyenik ko\u015fullarda haz\u0131rlanm\u0131\u015ft\u0131r.<\/p>","protected":false},"featured_media":27857,"comment_status":"open","ping_status":"closed","template":"","meta":[],"product_brand":[],"product_cat":[72,105],"product_tag":[],"class_list":{"0":"post-27856","1":"product","2":"type-product","3":"status-publish","4":"has-post-thumbnail","6":"product_cat-ilikli-kemik-sulari","7":"product_cat-kavanozlar","9":"first","10":"instock","11":"taxable","12":"shipping-taxable","13":"purchasable","14":"product-type-simple"},"_links":{"self":[{"href":"https:\/\/zelglobal.com\/en\/wp-json\/wp\/v2\/product\/27856","targetHints":{"allow":["GET"]}}],"collection":[{"href":"https:\/\/zelglobal.com\/en\/wp-json\/wp\/v2\/product"}],"about":[{"href":"https:\/\/zelglobal.com\/en\/wp-json\/wp\/v2\/types\/product"}],"replies":[{"embeddable":true,"href":"https:\/\/zelglobal.com\/en\/wp-json\/wp\/v2\/comments?post=27856"}],"version-history":[{"count":9,"href":"https:\/\/zelglobal.com\/en\/wp-json\/wp\/v2\/product\/27856\/revisions"}],"predecessor-version":[{"id":29926,"href":"https:\/\/zelglobal.com\/en\/wp-json\/wp\/v2\/product\/27856\/revisions\/29926"}],"wp:featuredmedia":[{"embeddable":true,"href":"https:\/\/zelglobal.com\/en\/wp-json\/wp\/v2\/media\/27857"}],"wp:attachment":[{"href":"https:\/\/zelglobal.com\/en\/wp-json\/wp\/v2\/media?parent=27856"}],"wp:term":[{"taxonomy":"product_brand","embeddable":true,"href":"https:\/\/zelglobal.com\/en\/wp-json\/wp\/v2\/product_brand?post=27856"},{"taxonomy":"product_cat","embeddable":true,"href":"https:\/\/zelglobal.com\/en\/wp-json\/wp\/v2\/product_cat?post=27856"},{"taxonomy":"product_tag","embeddable":true,"href":"https:\/\/zelglobal.com\/en\/wp-json\/wp\/v2\/product_tag?post=27856"}],"curies":[{"name":"wp","href":"https:\/\/api.w.org\/{rel}","templated":true}]}}