{"id":27868,"date":"2025-06-30T13:54:25","date_gmt":"2025-06-30T10:54:25","guid":{"rendered":"https:\/\/gifajans.info\/zelGlobal\/?post_type=product&#038;p=27868"},"modified":"2025-12-30T15:03:06","modified_gmt":"2025-12-30T12:03:06","slug":"zeytinyagli-kus-uzumlu-yaprak-sarma-200-gr","status":"publish","type":"product","link":"https:\/\/zelglobal.com\/en\/urun\/zeytinyagli-kus-uzumlu-yaprak-sarma-200-gr\/","title":{"rendered":"Stuffed Grape Leaves with Olive Oil and Currants"},"content":{"rendered":"<p>Zeytinya\u011f\u0131 ile \u00f6zenle haz\u0131rlanan ZEL yaprak sarma, hafif yap\u0131s\u0131 ve dengeli lezzetiyle klasik zeytinya\u011fl\u0131 sofralar\u0131n\u0131 hat\u0131rlat\u0131r. Katk\u0131 ve koruyucu i\u00e7ermez. 200 g pratik HYP tabak ambalaj\u0131 sayesinde kolayca servis edilir. Yerli \u00fcretimdir, hijyenik ko\u015fullarda haz\u0131rlanm\u0131\u015ft\u0131r.<\/p>","protected":false},"excerpt":{"rendered":"<p>Zeytinya\u011f\u0131 ile \u00f6zenle haz\u0131rlanan ZEL yaprak sarma, hafif yap\u0131s\u0131 ve dengeli lezzetiyle klasik zeytinya\u011fl\u0131 sofralar\u0131n\u0131 hat\u0131rlat\u0131r. Katk\u0131 ve koruyucu i\u00e7ermez.<\/p>","protected":false},"featured_media":29813,"comment_status":"open","ping_status":"closed","template":"","meta":[],"product_brand":[],"product_cat":[76],"product_tag":[],"class_list":{"0":"post-27868","1":"product","2":"type-product","3":"status-publish","4":"has-post-thumbnail","6":"product_cat-hazir-yemekler","8":"first","9":"instock","10":"taxable","11":"shipping-taxable","12":"purchasable","13":"product-type-simple"},"_links":{"self":[{"href":"https:\/\/zelglobal.com\/en\/wp-json\/wp\/v2\/product\/27868","targetHints":{"allow":["GET"]}}],"collection":[{"href":"https:\/\/zelglobal.com\/en\/wp-json\/wp\/v2\/product"}],"about":[{"href":"https:\/\/zelglobal.com\/en\/wp-json\/wp\/v2\/types\/product"}],"replies":[{"embeddable":true,"href":"https:\/\/zelglobal.com\/en\/wp-json\/wp\/v2\/comments?post=27868"}],"version-history":[{"count":5,"href":"https:\/\/zelglobal.com\/en\/wp-json\/wp\/v2\/product\/27868\/revisions"}],"predecessor-version":[{"id":29841,"href":"https:\/\/zelglobal.com\/en\/wp-json\/wp\/v2\/product\/27868\/revisions\/29841"}],"wp:featuredmedia":[{"embeddable":true,"href":"https:\/\/zelglobal.com\/en\/wp-json\/wp\/v2\/media\/29813"}],"wp:attachment":[{"href":"https:\/\/zelglobal.com\/en\/wp-json\/wp\/v2\/media?parent=27868"}],"wp:term":[{"taxonomy":"product_brand","embeddable":true,"href":"https:\/\/zelglobal.com\/en\/wp-json\/wp\/v2\/product_brand?post=27868"},{"taxonomy":"product_cat","embeddable":true,"href":"https:\/\/zelglobal.com\/en\/wp-json\/wp\/v2\/product_cat?post=27868"},{"taxonomy":"product_tag","embeddable":true,"href":"https:\/\/zelglobal.com\/en\/wp-json\/wp\/v2\/product_tag?post=27868"}],"curies":[{"name":"wp","href":"https:\/\/api.w.org\/{rel}","templated":true}]}}