{"id":27877,"date":"2025-06-30T14:07:31","date_gmt":"2025-06-30T11:07:31","guid":{"rendered":"https:\/\/gifajans.info\/zelGlobal\/?post_type=product&#038;p=27877"},"modified":"2026-02-05T15:13:53","modified_gmt":"2026-02-05T12:13:53","slug":"zeytinyagli-sumakli-kuru-biber-dolmasi","status":"publish","type":"product","link":"https:\/\/zelglobal.com\/en\/urun\/zeytinyagli-sumakli-kuru-biber-dolmasi\/","title":{"rendered":"Stuffed Dried Peppers with Olive Oil and Sumac"},"content":{"rendered":"<p>Zeytinya\u011f\u0131 ve suma\u011f\u0131n dengeli uyumuyla haz\u0131rlanan Zeytinya\u011fl\u0131 Sumakl\u0131 Kuru Biber Dolma, hafif ama doyurucu yap\u0131s\u0131yla klasik zeytinya\u011fl\u0131 lezzetlerini hat\u0131rlat\u0131r. Katk\u0131 ve koruyucu i\u00e7ermez. Yerli \u00fcretim olan \u00fcr\u00fcn\u00fcm\u00fcz, hijyenik ko\u015fullarda haz\u0131rlanm\u0131\u015ft\u0131r.<\/p>","protected":false},"excerpt":{"rendered":"<p>Zeytinya\u011f\u0131 ve suma\u011f\u0131n dengeli uyumuyla haz\u0131rlanan Zeytinya\u011fl\u0131 Sumakl\u0131 Kuru Biber Dolma, hafif ama doyurucu yap\u0131s\u0131yla klasik zeytinya\u011fl\u0131 lezzetlerini hat\u0131rlat\u0131r. Katk\u0131<\/p>","protected":false},"featured_media":29846,"comment_status":"open","ping_status":"closed","template":"","meta":[],"product_brand":[],"product_cat":[76],"product_tag":[],"class_list":{"0":"post-27877","1":"product","2":"type-product","3":"status-publish","4":"has-post-thumbnail","6":"product_cat-hazir-yemekler","8":"first","9":"instock","10":"taxable","11":"shipping-taxable","12":"purchasable","13":"product-type-simple"},"_links":{"self":[{"href":"https:\/\/zelglobal.com\/en\/wp-json\/wp\/v2\/product\/27877","targetHints":{"allow":["GET"]}}],"collection":[{"href":"https:\/\/zelglobal.com\/en\/wp-json\/wp\/v2\/product"}],"about":[{"href":"https:\/\/zelglobal.com\/en\/wp-json\/wp\/v2\/types\/product"}],"replies":[{"embeddable":true,"href":"https:\/\/zelglobal.com\/en\/wp-json\/wp\/v2\/comments?post=27877"}],"version-history":[{"count":5,"href":"https:\/\/zelglobal.com\/en\/wp-json\/wp\/v2\/product\/27877\/revisions"}],"predecessor-version":[{"id":30327,"href":"https:\/\/zelglobal.com\/en\/wp-json\/wp\/v2\/product\/27877\/revisions\/30327"}],"wp:featuredmedia":[{"embeddable":true,"href":"https:\/\/zelglobal.com\/en\/wp-json\/wp\/v2\/media\/29846"}],"wp:attachment":[{"href":"https:\/\/zelglobal.com\/en\/wp-json\/wp\/v2\/media?parent=27877"}],"wp:term":[{"taxonomy":"product_brand","embeddable":true,"href":"https:\/\/zelglobal.com\/en\/wp-json\/wp\/v2\/product_brand?post=27877"},{"taxonomy":"product_cat","embeddable":true,"href":"https:\/\/zelglobal.com\/en\/wp-json\/wp\/v2\/product_cat?post=27877"},{"taxonomy":"product_tag","embeddable":true,"href":"https:\/\/zelglobal.com\/en\/wp-json\/wp\/v2\/product_tag?post=27877"}],"curies":[{"name":"wp","href":"https:\/\/api.w.org\/{rel}","templated":true}]}}