{"id":27880,"date":"2025-06-30T14:10:17","date_gmt":"2025-06-30T11:10:17","guid":{"rendered":"https:\/\/gifajans.info\/zelGlobal\/?post_type=product&#038;p=27880"},"modified":"2025-12-31T14:48:59","modified_gmt":"2025-12-31T11:48:59","slug":"tandir-tipi-kavurma-280-gr","status":"publish","type":"product","link":"https:\/\/zelglobal.com\/en\/urun\/tandir-tipi-kavurma-280-gr\/","title":{"rendered":"Tandoor-Style Roast Meat 2 x 80g"},"content":{"rendered":"<p>%100 dana etinden \u00fcretilen ZEL Dana Kavurma, sade i\u00e7eri\u011fi ve yo\u011fun lezzetiyle klasik bir et yeme\u011fi deneyimi sunar. Katk\u0131 ve koruyucu i\u00e7ermez. 2 adet 80 g\u2019l\u0131k pratik teneke ambalaj\u0131 sayesinde uzun raf \u00f6mr\u00fcne sahiptir ve her an elinizin alt\u0131nda bulunur. Is\u0131t\u0131larak tek ba\u015f\u0131na t\u00fcketilebilece\u011fi gibi pilav, makarna veya ekmekle birlikte pratik bir \u00f6\u011f\u00fcn olarak da tercih edilebilir. Evde, ofiste veya seyahatte kolay t\u00fcketim imk\u00e2n\u0131 sa\u011flar. Yerli \u00fcretimdir, hijyenik ko\u015fullarda haz\u0131rlanm\u0131\u015ft\u0131r.<\/p>","protected":false},"excerpt":{"rendered":"<p>%100 dana etinden \u00fcretilen ZEL Dana Kavurma, sade i\u00e7eri\u011fi ve yo\u011fun lezzetiyle klasik bir et yeme\u011fi deneyimi sunar. Katk\u0131 ve koruyucu i\u00e7ermez. 2 adet 80 g\u2019l\u0131k pratik teneke ambalaj\u0131 sayesinde uzun raf \u00f6mr\u00fcne sahiptir ve her an elinizin alt\u0131nda bulunur. Is\u0131t\u0131larak tek ba\u015f\u0131na t\u00fcketilebilece\u011fi gibi pilav, makarna veya ekmekle birlikte pratik bir \u00f6\u011f\u00fcn olarak da tercih edilebilir. Evde, ofiste veya seyahatte kolay t\u00fcketim imk\u00e2n\u0131 sa\u011flar. Yerli \u00fcretimdir, hijyenik ko\u015fullarda haz\u0131rlanm\u0131\u015ft\u0131r.<\/p>","protected":false},"featured_media":27881,"comment_status":"open","ping_status":"closed","template":"","meta":[],"product_brand":[],"product_cat":[144],"product_tag":[],"class_list":{"0":"post-27880","1":"product","2":"type-product","3":"status-publish","4":"has-post-thumbnail","6":"product_cat-konserve","8":"first","9":"instock","10":"taxable","11":"shipping-taxable","12":"purchasable","13":"product-type-simple"},"_links":{"self":[{"href":"https:\/\/zelglobal.com\/en\/wp-json\/wp\/v2\/product\/27880","targetHints":{"allow":["GET"]}}],"collection":[{"href":"https:\/\/zelglobal.com\/en\/wp-json\/wp\/v2\/product"}],"about":[{"href":"https:\/\/zelglobal.com\/en\/wp-json\/wp\/v2\/types\/product"}],"replies":[{"embeddable":true,"href":"https:\/\/zelglobal.com\/en\/wp-json\/wp\/v2\/comments?post=27880"}],"version-history":[{"count":3,"href":"https:\/\/zelglobal.com\/en\/wp-json\/wp\/v2\/product\/27880\/revisions"}],"predecessor-version":[{"id":29920,"href":"https:\/\/zelglobal.com\/en\/wp-json\/wp\/v2\/product\/27880\/revisions\/29920"}],"wp:featuredmedia":[{"embeddable":true,"href":"https:\/\/zelglobal.com\/en\/wp-json\/wp\/v2\/media\/27881"}],"wp:attachment":[{"href":"https:\/\/zelglobal.com\/en\/wp-json\/wp\/v2\/media?parent=27880"}],"wp:term":[{"taxonomy":"product_brand","embeddable":true,"href":"https:\/\/zelglobal.com\/en\/wp-json\/wp\/v2\/product_brand?post=27880"},{"taxonomy":"product_cat","embeddable":true,"href":"https:\/\/zelglobal.com\/en\/wp-json\/wp\/v2\/product_cat?post=27880"},{"taxonomy":"product_tag","embeddable":true,"href":"https:\/\/zelglobal.com\/en\/wp-json\/wp\/v2\/product_tag?post=27880"}],"curies":[{"name":"wp","href":"https:\/\/api.w.org\/{rel}","templated":true}]}}