{"id":28418,"date":"2025-08-01T04:56:07","date_gmt":"2025-08-01T01:56:07","guid":{"rendered":"https:\/\/gifajans.info\/zelGlobal\/?post_type=product&#038;p=28418"},"modified":"2026-01-21T09:50:21","modified_gmt":"2026-01-21T06:50:21","slug":"zeytinyagli-enginar","status":"publish","type":"product","link":"https:\/\/zelglobal.com\/en\/urun\/zeytinyagli-enginar\/","title":{"rendered":"Artichokes in Olive Oil"},"content":{"rendered":"<p>Zeytinya\u011f\u0131 ile haz\u0131rlanan Enginar, hafif yap\u0131s\u0131 ve kendine \u00f6zg\u00fc aromas\u0131yla sofralarda ferah bir lezzet sunar. Geleneksel tariften ilham alan bu \u00f6zel yemek, \u00f6zellikle so\u011fuk servis edildi\u011finde tad\u0131n\u0131 daha net ortaya \u00e7\u0131kar\u0131r. Katk\u0131 ve koruyucu i\u00e7ermez. Limon ve zeytinya\u011f\u0131 e\u015fli\u011finde tek ba\u015f\u0131na t\u00fcketilebildi\u011fi gibi, ana yemeklerin yan\u0131nda hafif bir e\u015flik\u00e7i olarak da tercih edilir. Pratik ambalaj\u0131 sayesinde kolayca servis edilir. Yerli \u00fcretimdir, hijyenik ko\u015fullarda haz\u0131rlanm\u0131\u015ft\u0131r.<\/p>","protected":false},"excerpt":{"rendered":"<p>Zeytinya\u011f\u0131 ile haz\u0131rlanan Enginar, hafif yap\u0131s\u0131 ve kendine \u00f6zg\u00fc aromas\u0131yla sofralarda ferah bir lezzet sunar. Geleneksel tariften ilham alan bu<\/p>","protected":false},"featured_media":29879,"comment_status":"open","ping_status":"closed","template":"","meta":[],"product_brand":[],"product_cat":[76],"product_tag":[],"class_list":{"0":"post-28418","1":"product","2":"type-product","3":"status-publish","4":"has-post-thumbnail","6":"product_cat-hazir-yemekler","8":"first","9":"outofstock","10":"taxable","11":"shipping-taxable","12":"purchasable","13":"product-type-simple"},"_links":{"self":[{"href":"https:\/\/zelglobal.com\/en\/wp-json\/wp\/v2\/product\/28418","targetHints":{"allow":["GET"]}}],"collection":[{"href":"https:\/\/zelglobal.com\/en\/wp-json\/wp\/v2\/product"}],"about":[{"href":"https:\/\/zelglobal.com\/en\/wp-json\/wp\/v2\/types\/product"}],"replies":[{"embeddable":true,"href":"https:\/\/zelglobal.com\/en\/wp-json\/wp\/v2\/comments?post=28418"}],"version-history":[{"count":6,"href":"https:\/\/zelglobal.com\/en\/wp-json\/wp\/v2\/product\/28418\/revisions"}],"predecessor-version":[{"id":29892,"href":"https:\/\/zelglobal.com\/en\/wp-json\/wp\/v2\/product\/28418\/revisions\/29892"}],"wp:featuredmedia":[{"embeddable":true,"href":"https:\/\/zelglobal.com\/en\/wp-json\/wp\/v2\/media\/29879"}],"wp:attachment":[{"href":"https:\/\/zelglobal.com\/en\/wp-json\/wp\/v2\/media?parent=28418"}],"wp:term":[{"taxonomy":"product_brand","embeddable":true,"href":"https:\/\/zelglobal.com\/en\/wp-json\/wp\/v2\/product_brand?post=28418"},{"taxonomy":"product_cat","embeddable":true,"href":"https:\/\/zelglobal.com\/en\/wp-json\/wp\/v2\/product_cat?post=28418"},{"taxonomy":"product_tag","embeddable":true,"href":"https:\/\/zelglobal.com\/en\/wp-json\/wp\/v2\/product_tag?post=28418"}],"curies":[{"name":"wp","href":"https:\/\/api.w.org\/{rel}","templated":true}]}}