{"id":29618,"date":"2025-09-08T10:16:42","date_gmt":"2025-09-08T07:16:42","guid":{"rendered":"https:\/\/zelglobal.com\/?post_type=product&#038;p=29618"},"modified":"2026-01-12T08:35:15","modified_gmt":"2026-01-12T05:35:15","slug":"zeytinyagli-domates-soslu-bamya","status":"publish","type":"product","link":"https:\/\/zelglobal.com\/en\/urun\/zeytinyagli-domates-soslu-bamya\/","title":{"rendered":"Okra with Olive Oil and Tomato Sauce"},"content":{"rendered":"<p>Zeytinya\u011fl\u0131 Domates Soslu Bamya 200 gr Haz\u0131r Yemek Paketi<\/p>","protected":false},"excerpt":{"rendered":"<p>Alerjenler: Gl\u00fcten, yumurta, s\u00fct, s\u00fct \u00fcr\u00fcn\u00fc ve yer f\u0131st\u0131\u011f\u0131 i\u015flenen tesislerde \u00fcretildi\u011fi i\u00e7in bu alerjenleri eser miktarlarda i\u00e7erebilir.<\/p>\n<p>Zeytinya\u011fl\u0131 Domates Soslu Bamya 200 gr Haz\u0131r Yemek Paketi<\/p>","protected":false},"featured_media":29621,"comment_status":"open","ping_status":"closed","template":"","meta":[],"product_brand":[],"product_cat":[76],"product_tag":[],"class_list":{"0":"post-29618","1":"product","2":"type-product","3":"status-publish","4":"has-post-thumbnail","6":"product_cat-hazir-yemekler","8":"first","9":"instock","10":"taxable","11":"shipping-taxable","12":"purchasable","13":"product-type-simple"},"_links":{"self":[{"href":"https:\/\/zelglobal.com\/en\/wp-json\/wp\/v2\/product\/29618","targetHints":{"allow":["GET"]}}],"collection":[{"href":"https:\/\/zelglobal.com\/en\/wp-json\/wp\/v2\/product"}],"about":[{"href":"https:\/\/zelglobal.com\/en\/wp-json\/wp\/v2\/types\/product"}],"replies":[{"embeddable":true,"href":"https:\/\/zelglobal.com\/en\/wp-json\/wp\/v2\/comments?post=29618"}],"version-history":[{"count":2,"href":"https:\/\/zelglobal.com\/en\/wp-json\/wp\/v2\/product\/29618\/revisions"}],"predecessor-version":[{"id":29625,"href":"https:\/\/zelglobal.com\/en\/wp-json\/wp\/v2\/product\/29618\/revisions\/29625"}],"wp:featuredmedia":[{"embeddable":true,"href":"https:\/\/zelglobal.com\/en\/wp-json\/wp\/v2\/media\/29621"}],"wp:attachment":[{"href":"https:\/\/zelglobal.com\/en\/wp-json\/wp\/v2\/media?parent=29618"}],"wp:term":[{"taxonomy":"product_brand","embeddable":true,"href":"https:\/\/zelglobal.com\/en\/wp-json\/wp\/v2\/product_brand?post=29618"},{"taxonomy":"product_cat","embeddable":true,"href":"https:\/\/zelglobal.com\/en\/wp-json\/wp\/v2\/product_cat?post=29618"},{"taxonomy":"product_tag","embeddable":true,"href":"https:\/\/zelglobal.com\/en\/wp-json\/wp\/v2\/product_tag?post=29618"}],"curies":[{"name":"wp","href":"https:\/\/api.w.org\/{rel}","templated":true}]}}