{"id":29624,"date":"2025-09-08T10:41:29","date_gmt":"2025-09-08T07:41:29","guid":{"rendered":"https:\/\/zelglobal.com\/?post_type=product&#038;p=29624"},"modified":"2025-09-19T10:47:40","modified_gmt":"2025-09-19T07:47:40","slug":"zeytinyagli-domates-soslu-pirincli-semizotu","status":"publish","type":"product","link":"https:\/\/zelglobal.com\/en\/urun\/zeytinyagli-domates-soslu-pirincli-semizotu\/","title":{"rendered":"Rice with Purslane and Tomato Sauce in Olive Oil"},"content":{"rendered":"<p>Zeytinya\u011fl\u0131 Domates Soslu Pirin\u00e7li Semizotu 200 gr haz\u0131r yemek paketi<\/p>","protected":false},"excerpt":{"rendered":"<p>Alerjenler: Gl\u00fcten, yumurta, s\u00fct, s\u00fct \u00fcr\u00fcn\u00fc ve yer f\u0131st\u0131\u011f\u0131 i\u015flenen tesislerde \u00fcretildi\u011fi i\u00e7in bu alerjenleri eser miktarlarda i\u00e7erebilir.<\/p>\n<p>Zeytinya\u011fl\u0131 Domates Soslu Pirin\u00e7li Semizotu 200 gr haz\u0131r yemek paketi<\/p>","protected":false},"featured_media":29626,"comment_status":"open","ping_status":"closed","template":"","meta":[],"product_brand":[],"product_cat":[76],"product_tag":[],"class_list":{"0":"post-29624","1":"product","2":"type-product","3":"status-publish","4":"has-post-thumbnail","6":"product_cat-hazir-yemekler","8":"first","9":"outofstock","10":"taxable","11":"shipping-taxable","12":"purchasable","13":"product-type-simple"},"_links":{"self":[{"href":"https:\/\/zelglobal.com\/en\/wp-json\/wp\/v2\/product\/29624","targetHints":{"allow":["GET"]}}],"collection":[{"href":"https:\/\/zelglobal.com\/en\/wp-json\/wp\/v2\/product"}],"about":[{"href":"https:\/\/zelglobal.com\/en\/wp-json\/wp\/v2\/types\/product"}],"replies":[{"embeddable":true,"href":"https:\/\/zelglobal.com\/en\/wp-json\/wp\/v2\/comments?post=29624"}],"version-history":[{"count":1,"href":"https:\/\/zelglobal.com\/en\/wp-json\/wp\/v2\/product\/29624\/revisions"}],"predecessor-version":[{"id":29628,"href":"https:\/\/zelglobal.com\/en\/wp-json\/wp\/v2\/product\/29624\/revisions\/29628"}],"wp:featuredmedia":[{"embeddable":true,"href":"https:\/\/zelglobal.com\/en\/wp-json\/wp\/v2\/media\/29626"}],"wp:attachment":[{"href":"https:\/\/zelglobal.com\/en\/wp-json\/wp\/v2\/media?parent=29624"}],"wp:term":[{"taxonomy":"product_brand","embeddable":true,"href":"https:\/\/zelglobal.com\/en\/wp-json\/wp\/v2\/product_brand?post=29624"},{"taxonomy":"product_cat","embeddable":true,"href":"https:\/\/zelglobal.com\/en\/wp-json\/wp\/v2\/product_cat?post=29624"},{"taxonomy":"product_tag","embeddable":true,"href":"https:\/\/zelglobal.com\/en\/wp-json\/wp\/v2\/product_tag?post=29624"}],"curies":[{"name":"wp","href":"https:\/\/api.w.org\/{rel}","templated":true}]}}