{"id":29630,"date":"2025-09-08T11:13:43","date_gmt":"2025-09-08T08:13:43","guid":{"rendered":"https:\/\/zelglobal.com\/?post_type=product&#038;p=29630"},"modified":"2026-01-12T08:35:30","modified_gmt":"2026-01-12T05:35:30","slug":"zeytinyagli-domates-soslu-taze-fasulye","status":"publish","type":"product","link":"https:\/\/zelglobal.com\/en\/urun\/zeytinyagli-domates-soslu-taze-fasulye\/","title":{"rendered":"Green Beans with Olive Oil and Tomato Sauce"},"content":{"rendered":"<p>Zeytinya\u011fl\u0131 Domates Soslu Taze Fasulye 200 gr haz\u0131r yemek<\/p>","protected":false},"excerpt":{"rendered":"<ul>\n<li>Alerjenler: Gl\u00fcten, yumurta, s\u00fct, s\u00fct \u00fcr\u00fcn\u00fc ve yer f\u0131st\u0131\u011f\u0131 i\u015flenen tesislerde \u00fcretildi\u011fi i\u00e7in bu alerjenleri eser miktarlarda i\u00e7erebilir.<\/li>\n<li>Zeytinya\u011fl\u0131 Domates Soslu Taze Fasulye 200 gr haz\u0131r yemek<\/li>\n<\/ul>","protected":false},"featured_media":29631,"comment_status":"open","ping_status":"closed","template":"","meta":[],"product_brand":[],"product_cat":[76],"product_tag":[],"class_list":{"0":"post-29630","1":"product","2":"type-product","3":"status-publish","4":"has-post-thumbnail","6":"product_cat-hazir-yemekler","8":"first","9":"instock","10":"taxable","11":"shipping-taxable","12":"purchasable","13":"product-type-simple"},"_links":{"self":[{"href":"https:\/\/zelglobal.com\/en\/wp-json\/wp\/v2\/product\/29630","targetHints":{"allow":["GET"]}}],"collection":[{"href":"https:\/\/zelglobal.com\/en\/wp-json\/wp\/v2\/product"}],"about":[{"href":"https:\/\/zelglobal.com\/en\/wp-json\/wp\/v2\/types\/product"}],"replies":[{"embeddable":true,"href":"https:\/\/zelglobal.com\/en\/wp-json\/wp\/v2\/comments?post=29630"}],"version-history":[{"count":1,"href":"https:\/\/zelglobal.com\/en\/wp-json\/wp\/v2\/product\/29630\/revisions"}],"predecessor-version":[{"id":29633,"href":"https:\/\/zelglobal.com\/en\/wp-json\/wp\/v2\/product\/29630\/revisions\/29633"}],"wp:featuredmedia":[{"embeddable":true,"href":"https:\/\/zelglobal.com\/en\/wp-json\/wp\/v2\/media\/29631"}],"wp:attachment":[{"href":"https:\/\/zelglobal.com\/en\/wp-json\/wp\/v2\/media?parent=29630"}],"wp:term":[{"taxonomy":"product_brand","embeddable":true,"href":"https:\/\/zelglobal.com\/en\/wp-json\/wp\/v2\/product_brand?post=29630"},{"taxonomy":"product_cat","embeddable":true,"href":"https:\/\/zelglobal.com\/en\/wp-json\/wp\/v2\/product_cat?post=29630"},{"taxonomy":"product_tag","embeddable":true,"href":"https:\/\/zelglobal.com\/en\/wp-json\/wp\/v2\/product_tag?post=29630"}],"curies":[{"name":"wp","href":"https:\/\/api.w.org\/{rel}","templated":true}]}}