{"id":29987,"date":"2026-01-05T09:33:57","date_gmt":"2026-01-05T06:33:57","guid":{"rendered":"https:\/\/zelglobal.com\/?post_type=product&#038;p=29987"},"modified":"2026-03-10T08:46:32","modified_gmt":"2026-03-10T05:46:32","slug":"mercimek-corbasi-ilikli-kemik-suyundan-8x480ml","status":"publish","type":"product","link":"https:\/\/zelglobal.com\/en\/urun\/mercimek-corbasi-ilikli-kemik-suyundan-8x480ml\/","title":{"rendered":"Lentil Soup (made with bone broth) 8 x 480ml"},"content":{"rendered":"<p>K\u0131rm\u0131z\u0131 mercimek, havu\u00e7 ve so\u011fanla haz\u0131rlanan Zel Mercimek \u00c7orbas\u0131; ilikli kemik suyu, sar\u0131msak ve baharatlarla zenginle\u015ftirilmi\u015f dengeli bir lezzet sunar. K\u0131vaml\u0131 yap\u0131s\u0131 ve yumu\u015fak i\u00e7imiyle klasik mercimek \u00e7orbas\u0131 tad\u0131n\u0131 pratik bir \u015fekilde sofraya ta\u015f\u0131r. Is\u0131t\u0131larak tek ba\u015f\u0131na t\u00fcketilebilece\u011fi gibi, limon ve pul biber e\u015fli\u011finde servis edildi\u011finde lezzeti daha da \u00f6ne \u00e7\u0131kar. Yerli \u00fcretimdir, hijyenik ko\u015fullarda haz\u0131rlanm\u0131\u015ft\u0131r.<\/p>\n<p>\u00dcr\u00fcn\u00fcm\u00fcz 8&#8217;li koli halinde sat\u0131lmaktad\u0131r.<\/p>","protected":false},"excerpt":{"rendered":"<p>K\u0131rm\u0131z\u0131 mercimek, havu\u00e7 ve so\u011fanla haz\u0131rlanan Zel Mercimek \u00c7orbas\u0131; ilikli kemik suyu, sar\u0131msak ve baharatlarla zenginle\u015ftirilmi\u015f dengeli bir lezzet sunar. K\u0131vaml\u0131 yap\u0131s\u0131 ve yumu\u015fak i\u00e7imiyle klasik mercimek \u00e7orbas\u0131 tad\u0131n\u0131 pratik bir \u015fekilde sofraya ta\u015f\u0131r. Is\u0131t\u0131larak tek ba\u015f\u0131na t\u00fcketilebilece\u011fi gibi, limon ve pul biber e\u015fli\u011finde servis edildi\u011finde lezzeti daha da \u00f6ne \u00e7\u0131kar. Yerli \u00fcretimdir, hijyenik ko\u015fullarda haz\u0131rlanm\u0131\u015ft\u0131r.<\/p>","protected":false},"featured_media":29993,"comment_status":"open","ping_status":"closed","template":"","meta":[],"product_brand":[],"product_cat":[74,105],"product_tag":[],"class_list":{"0":"post-29987","1":"product","2":"type-product","3":"status-publish","4":"has-post-thumbnail","6":"product_cat-corbalar","7":"product_cat-kavanozlar","9":"first","10":"instock","11":"taxable","12":"shipping-taxable","13":"purchasable","14":"product-type-simple"},"_links":{"self":[{"href":"https:\/\/zelglobal.com\/en\/wp-json\/wp\/v2\/product\/29987","targetHints":{"allow":["GET"]}}],"collection":[{"href":"https:\/\/zelglobal.com\/en\/wp-json\/wp\/v2\/product"}],"about":[{"href":"https:\/\/zelglobal.com\/en\/wp-json\/wp\/v2\/types\/product"}],"replies":[{"embeddable":true,"href":"https:\/\/zelglobal.com\/en\/wp-json\/wp\/v2\/comments?post=29987"}],"version-history":[{"count":2,"href":"https:\/\/zelglobal.com\/en\/wp-json\/wp\/v2\/product\/29987\/revisions"}],"predecessor-version":[{"id":29995,"href":"https:\/\/zelglobal.com\/en\/wp-json\/wp\/v2\/product\/29987\/revisions\/29995"}],"wp:featuredmedia":[{"embeddable":true,"href":"https:\/\/zelglobal.com\/en\/wp-json\/wp\/v2\/media\/29993"}],"wp:attachment":[{"href":"https:\/\/zelglobal.com\/en\/wp-json\/wp\/v2\/media?parent=29987"}],"wp:term":[{"taxonomy":"product_brand","embeddable":true,"href":"https:\/\/zelglobal.com\/en\/wp-json\/wp\/v2\/product_brand?post=29987"},{"taxonomy":"product_cat","embeddable":true,"href":"https:\/\/zelglobal.com\/en\/wp-json\/wp\/v2\/product_cat?post=29987"},{"taxonomy":"product_tag","embeddable":true,"href":"https:\/\/zelglobal.com\/en\/wp-json\/wp\/v2\/product_tag?post=29987"}],"curies":[{"name":"wp","href":"https:\/\/api.w.org\/{rel}","templated":true}]}}