{"id":29998,"date":"2026-01-05T10:45:42","date_gmt":"2026-01-05T07:45:42","guid":{"rendered":"https:\/\/zelglobal.com\/?post_type=product&#038;p=29998"},"modified":"2026-03-12T15:18:58","modified_gmt":"2026-03-12T12:18:58","slug":"zeytinyagli-kus-uzumlu-yaprak-sarma-2350-gr","status":"publish","type":"product","link":"https:\/\/zelglobal.com\/en\/urun\/zeytinyagli-kus-uzumlu-yaprak-sarma-2350-gr\/","title":{"rendered":"Olive Oil and Currant Stuffed Grape Leaves 2350 gr"},"content":{"rendered":"<p>Zeytinya\u011f\u0131 ile \u00f6zenle haz\u0131rlanan ZEL yaprak sarma, hafif yap\u0131s\u0131 ve dengeli lezzetiyle klasik zeytinya\u011fl\u0131 sofralar\u0131n\u0131 hat\u0131rlat\u0131r. Katk\u0131 ve koruyucu i\u00e7ermez. Yerli \u00fcretimdir, hijyenik ko\u015fullarda haz\u0131rlanm\u0131\u015ft\u0131r.<\/p>","protected":false},"excerpt":{"rendered":"<p>Zeytinya\u011f\u0131 ile \u00f6zenle haz\u0131rlanan ZEL yaprak sarma, hafif yap\u0131s\u0131 ve dengeli lezzetiyle klasik zeytinya\u011fl\u0131 sofralar\u0131n\u0131 hat\u0131rlat\u0131r. Katk\u0131 ve koruyucu i\u00e7ermez.<\/p>","protected":false},"featured_media":30385,"comment_status":"open","ping_status":"closed","template":"","meta":[],"product_brand":[],"product_cat":[76],"product_tag":[],"class_list":{"0":"post-29998","1":"product","2":"type-product","3":"status-publish","4":"has-post-thumbnail","6":"product_cat-hazir-yemekler","8":"first","9":"instock","10":"taxable","11":"shipping-taxable","12":"purchasable","13":"product-type-simple"},"_links":{"self":[{"href":"https:\/\/zelglobal.com\/en\/wp-json\/wp\/v2\/product\/29998","targetHints":{"allow":["GET"]}}],"collection":[{"href":"https:\/\/zelglobal.com\/en\/wp-json\/wp\/v2\/product"}],"about":[{"href":"https:\/\/zelglobal.com\/en\/wp-json\/wp\/v2\/types\/product"}],"replies":[{"embeddable":true,"href":"https:\/\/zelglobal.com\/en\/wp-json\/wp\/v2\/comments?post=29998"}],"version-history":[{"count":2,"href":"https:\/\/zelglobal.com\/en\/wp-json\/wp\/v2\/product\/29998\/revisions"}],"predecessor-version":[{"id":30002,"href":"https:\/\/zelglobal.com\/en\/wp-json\/wp\/v2\/product\/29998\/revisions\/30002"}],"wp:featuredmedia":[{"embeddable":true,"href":"https:\/\/zelglobal.com\/en\/wp-json\/wp\/v2\/media\/30385"}],"wp:attachment":[{"href":"https:\/\/zelglobal.com\/en\/wp-json\/wp\/v2\/media?parent=29998"}],"wp:term":[{"taxonomy":"product_brand","embeddable":true,"href":"https:\/\/zelglobal.com\/en\/wp-json\/wp\/v2\/product_brand?post=29998"},{"taxonomy":"product_cat","embeddable":true,"href":"https:\/\/zelglobal.com\/en\/wp-json\/wp\/v2\/product_cat?post=29998"},{"taxonomy":"product_tag","embeddable":true,"href":"https:\/\/zelglobal.com\/en\/wp-json\/wp\/v2\/product_tag?post=29998"}],"curies":[{"name":"wp","href":"https:\/\/api.w.org\/{rel}","templated":true}]}}