{"id":30003,"date":"2026-01-05T10:51:14","date_gmt":"2026-01-05T07:51:14","guid":{"rendered":"https:\/\/zelglobal.com\/?post_type=product&#038;p=30003"},"modified":"2026-03-12T15:12:55","modified_gmt":"2026-03-12T12:12:55","slug":"zeytinyagli-sumakli-kuru-biber-dolmasi-2350-gr","status":"publish","type":"product","link":"https:\/\/zelglobal.com\/en\/urun\/zeytinyagli-sumakli-kuru-biber-dolmasi-2350-gr\/","title":{"rendered":"Stuffed Dried Peppers with Olive Oil and Sumac (2350 gr)"},"content":{"rendered":"<p>Zeytinya\u011f\u0131 ve suma\u011f\u0131n dengeli uyumuyla haz\u0131rlanan Zeytinya\u011fl\u0131 Sumakl\u0131 Kuru Biber Dolma, hafif ama doyurucu yap\u0131s\u0131yla klasik zeytinya\u011fl\u0131 lezzetlerini hat\u0131rlat\u0131r. Katk\u0131 ve koruyucu i\u00e7ermez. Yerli \u00fcretim olan \u00fcr\u00fcn\u00fcm\u00fcz, hijyenik ko\u015fullarda haz\u0131rlanm\u0131\u015ft\u0131r.<\/p>","protected":false},"excerpt":{"rendered":"<p>Zeytinya\u011f\u0131 ve suma\u011f\u0131n dengeli uyumuyla haz\u0131rlanan Zeytinya\u011fl\u0131 Sumakl\u0131 Kuru Biber Dolma, hafif ama doyurucu yap\u0131s\u0131yla klasik zeytinya\u011fl\u0131 lezzetlerini hat\u0131rlat\u0131r. Katk\u0131<\/p>","protected":false},"featured_media":30381,"comment_status":"open","ping_status":"closed","template":"","meta":[],"product_brand":[],"product_cat":[76],"product_tag":[],"class_list":{"0":"post-30003","1":"product","2":"type-product","3":"status-publish","4":"has-post-thumbnail","6":"product_cat-hazir-yemekler","8":"first","9":"instock","10":"taxable","11":"shipping-taxable","12":"purchasable","13":"product-type-simple"},"_links":{"self":[{"href":"https:\/\/zelglobal.com\/en\/wp-json\/wp\/v2\/product\/30003","targetHints":{"allow":["GET"]}}],"collection":[{"href":"https:\/\/zelglobal.com\/en\/wp-json\/wp\/v2\/product"}],"about":[{"href":"https:\/\/zelglobal.com\/en\/wp-json\/wp\/v2\/types\/product"}],"replies":[{"embeddable":true,"href":"https:\/\/zelglobal.com\/en\/wp-json\/wp\/v2\/comments?post=30003"}],"version-history":[{"count":1,"href":"https:\/\/zelglobal.com\/en\/wp-json\/wp\/v2\/product\/30003\/revisions"}],"predecessor-version":[{"id":30006,"href":"https:\/\/zelglobal.com\/en\/wp-json\/wp\/v2\/product\/30003\/revisions\/30006"}],"wp:featuredmedia":[{"embeddable":true,"href":"https:\/\/zelglobal.com\/en\/wp-json\/wp\/v2\/media\/30381"}],"wp:attachment":[{"href":"https:\/\/zelglobal.com\/en\/wp-json\/wp\/v2\/media?parent=30003"}],"wp:term":[{"taxonomy":"product_brand","embeddable":true,"href":"https:\/\/zelglobal.com\/en\/wp-json\/wp\/v2\/product_brand?post=30003"},{"taxonomy":"product_cat","embeddable":true,"href":"https:\/\/zelglobal.com\/en\/wp-json\/wp\/v2\/product_cat?post=30003"},{"taxonomy":"product_tag","embeddable":true,"href":"https:\/\/zelglobal.com\/en\/wp-json\/wp\/v2\/product_tag?post=30003"}],"curies":[{"name":"wp","href":"https:\/\/api.w.org\/{rel}","templated":true}]}}