{"id":30008,"date":"2026-01-05T10:54:41","date_gmt":"2026-01-05T07:54:41","guid":{"rendered":"https:\/\/zelglobal.com\/?post_type=product&#038;p=30008"},"modified":"2026-03-12T15:15:51","modified_gmt":"2026-03-12T12:15:51","slug":"zeytinyagli-sumakli-kuru-patlican-dolmasi-2350-gr","status":"publish","type":"product","link":"https:\/\/zelglobal.com\/en\/urun\/zeytinyagli-sumakli-kuru-patlican-dolmasi-2350-gr\/","title":{"rendered":"Olive Oil and Sumac Flavored Dried Eggplant Stuffed with Rice 2350 gr"},"content":{"rendered":"<p><strong data-start=\"73\" data-end=\"356\">Zeytinya\u011f\u0131 ve sumak ile haz\u0131rlanan bu biber dolmas\u0131, hafif yap\u0131s\u0131 ve dengeli aromas\u0131yla sofraya sakin ama i\u015ftah a\u00e7an bir lezzet ta\u015f\u0131r. Katk\u0131 ve koruyucu i\u00e7ermez. Limon ile servis edildi\u011finde ferahl\u0131\u011f\u0131 daha belirgin hale gelir. Yerli \u00fcretimdir, hijyenik ko\u015fullarda haz\u0131rlanm\u0131\u015ft\u0131r.<\/strong><\/p>","protected":false},"excerpt":{"rendered":"<p>Zeytinya\u011f\u0131 ve sumak ile haz\u0131rlanan bu biber dolmas\u0131, hafif yap\u0131s\u0131 ve dengeli aromas\u0131yla sofraya sakin ama i\u015ftah a\u00e7an bir lezzet<\/p>","protected":false},"featured_media":30383,"comment_status":"open","ping_status":"closed","template":"","meta":[],"product_brand":[],"product_cat":[76],"product_tag":[],"class_list":{"0":"post-30008","1":"product","2":"type-product","3":"status-publish","4":"has-post-thumbnail","6":"product_cat-hazir-yemekler","8":"first","9":"instock","10":"taxable","11":"shipping-taxable","12":"purchasable","13":"product-type-simple"},"_links":{"self":[{"href":"https:\/\/zelglobal.com\/en\/wp-json\/wp\/v2\/product\/30008","targetHints":{"allow":["GET"]}}],"collection":[{"href":"https:\/\/zelglobal.com\/en\/wp-json\/wp\/v2\/product"}],"about":[{"href":"https:\/\/zelglobal.com\/en\/wp-json\/wp\/v2\/types\/product"}],"replies":[{"embeddable":true,"href":"https:\/\/zelglobal.com\/en\/wp-json\/wp\/v2\/comments?post=30008"}],"version-history":[{"count":2,"href":"https:\/\/zelglobal.com\/en\/wp-json\/wp\/v2\/product\/30008\/revisions"}],"predecessor-version":[{"id":30018,"href":"https:\/\/zelglobal.com\/en\/wp-json\/wp\/v2\/product\/30008\/revisions\/30018"}],"wp:featuredmedia":[{"embeddable":true,"href":"https:\/\/zelglobal.com\/en\/wp-json\/wp\/v2\/media\/30383"}],"wp:attachment":[{"href":"https:\/\/zelglobal.com\/en\/wp-json\/wp\/v2\/media?parent=30008"}],"wp:term":[{"taxonomy":"product_brand","embeddable":true,"href":"https:\/\/zelglobal.com\/en\/wp-json\/wp\/v2\/product_brand?post=30008"},{"taxonomy":"product_cat","embeddable":true,"href":"https:\/\/zelglobal.com\/en\/wp-json\/wp\/v2\/product_cat?post=30008"},{"taxonomy":"product_tag","embeddable":true,"href":"https:\/\/zelglobal.com\/en\/wp-json\/wp\/v2\/product_tag?post=30008"}],"curies":[{"name":"wp","href":"https:\/\/api.w.org\/{rel}","templated":true}]}}