{"id":30133,"date":"2026-01-07T10:49:14","date_gmt":"2026-01-07T07:49:14","guid":{"rendered":"https:\/\/zelglobal.com\/?post_type=product&#038;p=30133"},"modified":"2026-03-23T09:43:02","modified_gmt":"2026-03-23T06:43:02","slug":"zel-ton-baligi-120-gr","status":"publish","type":"product","link":"https:\/\/zelglobal.com\/en\/urun\/zel-ton-baligi-120-gr\/","title":{"rendered":"Zel Ton Bal\u0131\u011f\u0131 120 GR"},"content":{"rendered":"","protected":false},"excerpt":{"rendered":"","protected":false},"featured_media":30135,"comment_status":"open","ping_status":"closed","template":"","meta":[],"product_brand":[],"product_cat":[128],"product_tag":[],"class_list":{"0":"post-30133","1":"product","2":"type-product","3":"status-publish","4":"has-post-thumbnail","6":"product_cat-ticari-urun-grubu","8":"first","9":"outofstock","10":"taxable","11":"shipping-taxable","12":"purchasable","13":"product-type-simple"},"_links":{"self":[{"href":"https:\/\/zelglobal.com\/en\/wp-json\/wp\/v2\/product\/30133","targetHints":{"allow":["GET"]}}],"collection":[{"href":"https:\/\/zelglobal.com\/en\/wp-json\/wp\/v2\/product"}],"about":[{"href":"https:\/\/zelglobal.com\/en\/wp-json\/wp\/v2\/types\/product"}],"replies":[{"embeddable":true,"href":"https:\/\/zelglobal.com\/en\/wp-json\/wp\/v2\/comments?post=30133"}],"version-history":[{"count":1,"href":"https:\/\/zelglobal.com\/en\/wp-json\/wp\/v2\/product\/30133\/revisions"}],"predecessor-version":[{"id":30137,"href":"https:\/\/zelglobal.com\/en\/wp-json\/wp\/v2\/product\/30133\/revisions\/30137"}],"wp:featuredmedia":[{"embeddable":true,"href":"https:\/\/zelglobal.com\/en\/wp-json\/wp\/v2\/media\/30135"}],"wp:attachment":[{"href":"https:\/\/zelglobal.com\/en\/wp-json\/wp\/v2\/media?parent=30133"}],"wp:term":[{"taxonomy":"product_brand","embeddable":true,"href":"https:\/\/zelglobal.com\/en\/wp-json\/wp\/v2\/product_brand?post=30133"},{"taxonomy":"product_cat","embeddable":true,"href":"https:\/\/zelglobal.com\/en\/wp-json\/wp\/v2\/product_cat?post=30133"},{"taxonomy":"product_tag","embeddable":true,"href":"https:\/\/zelglobal.com\/en\/wp-json\/wp\/v2\/product_tag?post=30133"}],"curies":[{"name":"wp","href":"https:\/\/api.w.org\/{rel}","templated":true}]}}