{"id":30393,"date":"2026-03-25T13:00:14","date_gmt":"2026-03-25T10:00:14","guid":{"rendered":"https:\/\/zelglobal.com\/?post_type=product&#038;p=30393"},"modified":"2026-03-25T13:24:04","modified_gmt":"2026-03-25T10:24:04","slug":"kelle-paca-corbasi-480-ml","status":"publish","type":"product","link":"https:\/\/zelglobal.com\/en\/urun\/kelle-paca-corbasi-480-ml\/","title":{"rendered":"Lamb Head and Trotter Soup \u2013 480 ml"},"content":{"rendered":"<p>Zel \u0130likli Kemik Sulu Kelle Pa\u00e7a \u00c7orbas\u0131 480 Ml Zel Kemik Sulu Kelle Pa\u00e7a \u00c7orbas\u0131, geleneksel tariflere uygun olarak haz\u0131rlanm\u0131\u015ft\u0131r. ; Kelle pa\u00e7a sevenler i\u00e7in tam k\u0131vam\u0131nda bir lezzet sunar. ; Kemik sulu i\u00e7eri\u011fi ile lezzetinin yan\u0131 s\u0131ra besleyicili\u011fiyle de sofralar\u0131n\u0131zdan eksik etmeyece\u011finiz bu \u00fcr\u00fcn, hem pratik hem de do\u011fal.\u00a0 2 ki\u015filik porsiyon i\u00e7ermektedir.<\/p>","protected":false},"excerpt":{"rendered":"<p>Zel \u0130likli Kemik Sulu Kelle Pa\u00e7a \u00c7orbas\u0131 480 Ml Zel Kemik Sulu Kelle Pa\u00e7a \u00c7orbas\u0131, geleneksel tariflere uygun olarak haz\u0131rlanm\u0131\u015ft\u0131r.<\/p>","protected":false},"featured_media":30394,"comment_status":"open","ping_status":"closed","template":"","meta":[],"product_brand":[],"product_cat":[74],"product_tag":[],"class_list":{"0":"post-30393","1":"product","2":"type-product","3":"status-publish","4":"has-post-thumbnail","6":"product_cat-corbalar","8":"first","9":"instock","10":"taxable","11":"shipping-taxable","12":"purchasable","13":"product-type-simple"},"_links":{"self":[{"href":"https:\/\/zelglobal.com\/en\/wp-json\/wp\/v2\/product\/30393","targetHints":{"allow":["GET"]}}],"collection":[{"href":"https:\/\/zelglobal.com\/en\/wp-json\/wp\/v2\/product"}],"about":[{"href":"https:\/\/zelglobal.com\/en\/wp-json\/wp\/v2\/types\/product"}],"replies":[{"embeddable":true,"href":"https:\/\/zelglobal.com\/en\/wp-json\/wp\/v2\/comments?post=30393"}],"version-history":[{"count":1,"href":"https:\/\/zelglobal.com\/en\/wp-json\/wp\/v2\/product\/30393\/revisions"}],"predecessor-version":[{"id":30404,"href":"https:\/\/zelglobal.com\/en\/wp-json\/wp\/v2\/product\/30393\/revisions\/30404"}],"wp:featuredmedia":[{"embeddable":true,"href":"https:\/\/zelglobal.com\/en\/wp-json\/wp\/v2\/media\/30394"}],"wp:attachment":[{"href":"https:\/\/zelglobal.com\/en\/wp-json\/wp\/v2\/media?parent=30393"}],"wp:term":[{"taxonomy":"product_brand","embeddable":true,"href":"https:\/\/zelglobal.com\/en\/wp-json\/wp\/v2\/product_brand?post=30393"},{"taxonomy":"product_cat","embeddable":true,"href":"https:\/\/zelglobal.com\/en\/wp-json\/wp\/v2\/product_cat?post=30393"},{"taxonomy":"product_tag","embeddable":true,"href":"https:\/\/zelglobal.com\/en\/wp-json\/wp\/v2\/product_tag?post=30393"}],"curies":[{"name":"wp","href":"https:\/\/api.w.org\/{rel}","templated":true}]}}